{"id":237,"date":"2019-07-24T20:36:31","date_gmt":"2019-07-24T20:36:31","guid":{"rendered":"https:\/\/laiadiez.com\/?page_id=237"},"modified":"2022-01-10T17:26:56","modified_gmt":"2022-01-10T17:26:56","slug":"palmares","status":"publish","type":"page","link":"https:\/\/laiadiez.com\/en\/runner\/palm-trees\/","title":{"rendered":"Track record"},"content":{"rendered":"<div data-elementor-type=\"wp-post\" data-elementor-id=\"237\" class=\"elementor elementor-237\" data-elementor-post-type=\"page\">\n\t\t\t\t\t\t<section class=\"elementor-section elementor-top-section elementor-element elementor-element-0afab36 elementor-section-height-min-height elementor-section-boxed elementor-section-height-default elementor-section-items-middle\" data-id=\"0afab36\" data-element_type=\"section\" data-settings=\"{&quot;background_background&quot;:&quot;classic&quot;,&quot;shape_divider_bottom&quot;:&quot;tilt&quot;}\">\n\t\t\t\t\t<div class=\"elementor-shape elementor-shape-bottom\" data-negative=\"false\">\n\t\t\t<svg xmlns=\"http:\/\/www.w3.org\/2000\/svg\" viewbox=\"0 0 1000 100\" preserveaspectratio=\"none\">\n\t<path class=\"elementor-shape-fill\" d=\"M0,6V0h1000v100L0,6z\"\/>\n<\/svg>\t\t<\/div>\n\t\t\t\t\t<div class=\"elementor-container elementor-column-gap-default\">\n\t\t\t\t\t<div class=\"elementor-column elementor-col-100 elementor-top-column elementor-element elementor-element-f93e014\" data-id=\"f93e014\" data-element_type=\"column\">\n\t\t\t<div class=\"elementor-widget-wrap elementor-element-populated\">\n\t\t\t\t\t\t<section class=\"elementor-section elementor-inner-section elementor-element elementor-element-2023878 elementor-section-boxed elementor-section-height-default elementor-section-height-default\" data-id=\"2023878\" data-element_type=\"section\">\n\t\t\t\t\t\t<div class=\"elementor-container elementor-column-gap-default\">\n\t\t\t\t\t<div class=\"elementor-column elementor-col-100 elementor-inner-column elementor-element elementor-element-f30816e\" data-id=\"f30816e\" data-element_type=\"column\">\n\t\t\t<div class=\"elementor-widget-wrap elementor-element-populated\">\n\t\t\t\t\t\t\t<\/div>\n\t\t<\/div>\n\t\t\t\t\t<\/div>\n\t\t<\/section>\n\t\t\t\t\t<\/div>\n\t\t<\/div>\n\t\t\t\t\t<\/div>\n\t\t<\/section>\n\t\t\t\t<section class=\"elementor-section elementor-top-section elementor-element elementor-element-5c053f0 elementor-section-boxed elementor-section-height-default elementor-section-height-default\" data-id=\"5c053f0\" data-element_type=\"section\">\n\t\t\t\t\t\t<div class=\"elementor-container elementor-column-gap-default\">\n\t\t\t\t\t<div class=\"elementor-column elementor-col-100 elementor-top-column elementor-element elementor-element-10648c4\" data-id=\"10648c4\" data-element_type=\"column\">\n\t\t\t<div class=\"elementor-widget-wrap elementor-element-populated\">\n\t\t\t\t\t\t<div class=\"elementor-element elementor-element-76981a7 elementor-widget elementor-widget-heading\" data-id=\"76981a7\" data-element_type=\"widget\" data-widget_type=\"heading.default\">\n\t\t\t\t<div class=\"elementor-widget-container\">\n\t\t\t<h1 class=\"elementor-heading-title elementor-size-default\">RUNNER CURRICULUM<\/h1>\t\t<\/div>\n\t\t\t\t<\/div>\n\t\t\t\t<div class=\"elementor-element elementor-element-d1fe474 elementor-widget elementor-widget-text-editor\" data-id=\"d1fe474\" data-element_type=\"widget\" data-widget_type=\"text-editor.default\">\n\t\t\t\t<div class=\"elementor-widget-container\">\n\t\t\t\t\t\t\t<p>Ultra trail runner of the Columbia International team.<\/p>\t\t\t\t\t\t<\/div>\n\t\t\t\t<\/div>\n\t\t\t\t\t<\/div>\n\t\t<\/div>\n\t\t\t\t\t<\/div>\n\t\t<\/section>\n\t\t\t\t<section class=\"elementor-section elementor-top-section elementor-element elementor-element-d978caa elementor-section-boxed elementor-section-height-default elementor-section-height-default\" data-id=\"d978caa\" data-element_type=\"section\">\n\t\t\t\t\t\t<div class=\"elementor-container elementor-column-gap-default\">\n\t\t\t\t\t<div class=\"elementor-column elementor-col-33 elementor-top-column elementor-element elementor-element-6968f06\" data-id=\"6968f06\" data-element_type=\"column\">\n\t\t\t<div class=\"elementor-widget-wrap elementor-element-populated\">\n\t\t\t\t\t\t<div class=\"elementor-element elementor-element-fd44780 elementor-widget elementor-widget-heading\" data-id=\"fd44780\" data-element_type=\"widget\" data-widget_type=\"heading.default\">\n\t\t\t\t<div class=\"elementor-widget-container\">\n\t\t\t<h2 class=\"elementor-heading-title elementor-size-default\">2021<\/h2>\t\t<\/div>\n\t\t\t\t<\/div>\n\t\t\t\t<div class=\"elementor-element elementor-element-7a24e98 elementor-widget elementor-widget-text-editor\" data-id=\"7a24e98\" data-element_type=\"widget\" data-widget_type=\"text-editor.default\">\n\t\t\t\t<div class=\"elementor-widget-container\">\n\t\t\t\t\t\t\t<p>2nd on the Trail des Barrancs (50Km)<br><\/p>\t\t\t\t\t\t<\/div>\n\t\t\t\t<\/div>\n\t\t\t\t\t<\/div>\n\t\t<\/div>\n\t\t\t\t<div class=\"elementor-column elementor-col-33 elementor-top-column elementor-element elementor-element-773d9fb\" data-id=\"773d9fb\" data-element_type=\"column\">\n\t\t\t<div class=\"elementor-widget-wrap elementor-element-populated\">\n\t\t\t\t\t\t<div class=\"elementor-element elementor-element-54dcb7e elementor-widget elementor-widget-heading\" data-id=\"54dcb7e\" data-element_type=\"widget\" data-widget_type=\"heading.default\">\n\t\t\t\t<div class=\"elementor-widget-container\">\n\t\t\t<h2 class=\"elementor-heading-title elementor-size-default\">2020<\/h2>\t\t<\/div>\n\t\t\t\t<\/div>\n\t\t\t\t<div class=\"elementor-element elementor-element-d4e9f11 elementor-widget elementor-widget-text-editor\" data-id=\"d4e9f11\" data-element_type=\"widget\" data-widget_type=\"text-editor.default\">\n\t\t\t\t<div class=\"elementor-widget-container\">\n\t\t\t\t\t\t\t<p>1st on the Trail des Fars (46Km)<\/p>\t\t\t\t\t\t<\/div>\n\t\t\t\t<\/div>\n\t\t\t\t\t<\/div>\n\t\t<\/div>\n\t\t\t\t<div class=\"elementor-column elementor-col-33 elementor-top-column elementor-element elementor-element-8dc7ae4\" data-id=\"8dc7ae4\" data-element_type=\"column\">\n\t\t\t<div class=\"elementor-widget-wrap elementor-element-populated\">\n\t\t\t\t\t\t<div class=\"elementor-element elementor-element-c75bd6b elementor-widget elementor-widget-heading\" data-id=\"c75bd6b\" data-element_type=\"widget\" data-widget_type=\"heading.default\">\n\t\t\t\t<div class=\"elementor-widget-container\">\n\t\t\t<h2 class=\"elementor-heading-title elementor-size-default\">2019<\/h2>\t\t<\/div>\n\t\t\t\t<\/div>\n\t\t\t\t<div class=\"elementor-element elementor-element-c9116f7 elementor-widget elementor-widget-text-editor\" data-id=\"c9116f7\" data-element_type=\"widget\" data-widget_type=\"text-editor.default\">\n\t\t\t\t<div class=\"elementor-widget-container\">\n\t\t\t\t\t\t\t<p>4th in the Transgrancan\u00e0ria Marathon (45 km)<\/p><p>2nd on the Cam\u00ed de Cavalls de Menorca (186 km)<\/p>\t\t\t\t\t\t<\/div>\n\t\t\t\t<\/div>\n\t\t\t\t\t<\/div>\n\t\t<\/div>\n\t\t\t\t\t<\/div>\n\t\t<\/section>\n\t\t\t\t<section class=\"elementor-section elementor-top-section elementor-element elementor-element-f543277 elementor-section-boxed elementor-section-height-default elementor-section-height-default\" data-id=\"f543277\" data-element_type=\"section\">\n\t\t\t\t\t\t<div class=\"elementor-container elementor-column-gap-default\">\n\t\t\t\t\t<div class=\"elementor-column elementor-col-33 elementor-top-column elementor-element elementor-element-ddd7faf\" data-id=\"ddd7faf\" data-element_type=\"column\">\n\t\t\t<div class=\"elementor-widget-wrap elementor-element-populated\">\n\t\t\t\t\t\t<div class=\"elementor-element elementor-element-31999c3 elementor-widget elementor-widget-heading\" data-id=\"31999c3\" data-element_type=\"widget\" data-widget_type=\"heading.default\">\n\t\t\t\t<div class=\"elementor-widget-container\">\n\t\t\t<h2 class=\"elementor-heading-title elementor-size-default\">2018<\/h2>\t\t<\/div>\n\t\t\t\t<\/div>\n\t\t\t\t<div class=\"elementor-element elementor-element-3e7203a elementor-widget elementor-widget-text-editor\" data-id=\"3e7203a\" data-element_type=\"widget\" data-widget_type=\"text-editor.default\">\n\t\t\t\t<div class=\"elementor-widget-container\">\n\t\t\t\t\t\t\t<p>6th in the Transgrancan\u00e0ria (125 km)<\/p><p>1st on the South Coast Cam\u00ed de Cavalls de Menorca (55 km)<\/p><p>15th at CCC Montblanc (101 km)<\/p>\t\t\t\t\t\t<\/div>\n\t\t\t\t<\/div>\n\t\t\t\t\t<\/div>\n\t\t<\/div>\n\t\t\t\t<div class=\"elementor-column elementor-col-33 elementor-top-column elementor-element elementor-element-c703459\" data-id=\"c703459\" data-element_type=\"column\">\n\t\t\t<div class=\"elementor-widget-wrap elementor-element-populated\">\n\t\t\t\t\t\t<div class=\"elementor-element elementor-element-3a67b38 elementor-widget elementor-widget-heading\" data-id=\"3a67b38\" data-element_type=\"widget\" data-widget_type=\"heading.default\">\n\t\t\t\t<div class=\"elementor-widget-container\">\n\t\t\t<h2 class=\"elementor-heading-title elementor-size-default\">2017<\/h2>\t\t<\/div>\n\t\t\t\t<\/div>\n\t\t\t\t<div class=\"elementor-element elementor-element-972980d elementor-widget elementor-widget-text-editor\" data-id=\"972980d\" data-element_type=\"widget\" data-widget_type=\"text-editor.default\">\n\t\t\t\t<div class=\"elementor-widget-container\">\n\t\t\t\t\t\t\t<p>7th in the Marathon des Sables<\/p><p>7th in the Ultra Pyrenees (110 km)<\/p>\t\t\t\t\t\t<\/div>\n\t\t\t\t<\/div>\n\t\t\t\t\t<\/div>\n\t\t<\/div>\n\t\t\t\t<div class=\"elementor-column elementor-col-33 elementor-top-column elementor-element elementor-element-e360609\" data-id=\"e360609\" data-element_type=\"column\">\n\t\t\t<div class=\"elementor-widget-wrap elementor-element-populated\">\n\t\t\t\t\t\t<div class=\"elementor-element elementor-element-5044ce4 elementor-widget elementor-widget-heading\" data-id=\"5044ce4\" data-element_type=\"widget\" data-widget_type=\"heading.default\">\n\t\t\t\t<div class=\"elementor-widget-container\">\n\t\t\t<h2 class=\"elementor-heading-title elementor-size-default\">2016<\/h2>\t\t<\/div>\n\t\t\t\t<\/div>\n\t\t\t\t<div class=\"elementor-element elementor-element-13596b4 elementor-widget elementor-widget-text-editor\" data-id=\"13596b4\" data-element_type=\"widget\" data-widget_type=\"text-editor.default\">\n\t\t\t\t<div class=\"elementor-widget-container\">\n\t\t\t\t\t\t\t<p>1st at UT Montnegre-Corredor 2016<\/p><p>2nd at UT Barcelona 2016<\/p><p>1st at the Compressport Trail Menorca Cam\u00ed de Cavalls 2016<\/p><p>1st in the Barcelona Trail Races 2016<\/p><p>Champion of the Catalonia Ultra Cup 2016<\/p>\t\t\t\t\t\t<\/div>\n\t\t\t\t<\/div>\n\t\t\t\t\t<\/div>\n\t\t<\/div>\n\t\t\t\t\t<\/div>\n\t\t<\/section>\n\t\t\t\t<section class=\"elementor-section elementor-top-section elementor-element elementor-element-e4935c4 elementor-section-boxed elementor-section-height-default elementor-section-height-default\" data-id=\"e4935c4\" data-element_type=\"section\">\n\t\t\t\t\t\t<div class=\"elementor-container elementor-column-gap-default\">\n\t\t\t\t\t<div class=\"elementor-column elementor-col-33 elementor-top-column elementor-element elementor-element-b9468e6\" data-id=\"b9468e6\" data-element_type=\"column\">\n\t\t\t<div class=\"elementor-widget-wrap elementor-element-populated\">\n\t\t\t\t\t\t<div class=\"elementor-element elementor-element-9cd7df8 elementor-widget elementor-widget-heading\" data-id=\"9cd7df8\" data-element_type=\"widget\" data-widget_type=\"heading.default\">\n\t\t\t\t<div class=\"elementor-widget-container\">\n\t\t\t<h2 class=\"elementor-heading-title elementor-size-default\">2015<\/h2>\t\t<\/div>\n\t\t\t\t<\/div>\n\t\t\t\t<div class=\"elementor-element elementor-element-c0a79bc elementor-widget elementor-widget-text-editor\" data-id=\"c0a79bc\" data-element_type=\"widget\" data-widget_type=\"text-editor.default\">\n\t\t\t\t<div class=\"elementor-widget-container\">\n\t\t\t\t\t\t\t<p>3rd in the Transgrancanaria Advanced 2015<\/p><p>1st in the UT Montnegre-Corredor 2015<\/p><p>1st at UT Barcelona 2015<\/p><p>1st at UT Volta la Cerdanya 2015<\/p><p>1st in the UT Vall d&#039;Aran 2015<\/p><p>1st at UT Tarragona 2015<\/p><p>Champion of the Catalonia Ultra Cup 2015<\/p>\t\t\t\t\t\t<\/div>\n\t\t\t\t<\/div>\n\t\t\t\t\t<\/div>\n\t\t<\/div>\n\t\t\t\t<div class=\"elementor-column elementor-col-33 elementor-top-column elementor-element elementor-element-1e94b28\" data-id=\"1e94b28\" data-element_type=\"column\">\n\t\t\t<div class=\"elementor-widget-wrap elementor-element-populated\">\n\t\t\t\t\t\t<div class=\"elementor-element elementor-element-eefac46 elementor-widget elementor-widget-heading\" data-id=\"eefac46\" data-element_type=\"widget\" data-widget_type=\"heading.default\">\n\t\t\t\t<div class=\"elementor-widget-container\">\n\t\t\t<h2 class=\"elementor-heading-title elementor-size-default\">2014<\/h2>\t\t<\/div>\n\t\t\t\t<\/div>\n\t\t\t\t<div class=\"elementor-element elementor-element-a4ae76a elementor-widget elementor-widget-text-editor\" data-id=\"a4ae76a\" data-element_type=\"widget\" data-widget_type=\"text-editor.default\">\n\t\t\t\t<div class=\"elementor-widget-container\">\n\t\t\t\t\t\t\t<p>Champion of the Catalan League Ultra Trails<\/p><p>4th on the Buff Epic Trail<\/p><p>1st at UT Collserola<\/p>\t\t\t\t\t\t<\/div>\n\t\t\t\t<\/div>\n\t\t\t\t\t<\/div>\n\t\t<\/div>\n\t\t\t\t<div class=\"elementor-column elementor-col-33 elementor-top-column elementor-element elementor-element-93ad91b\" data-id=\"93ad91b\" data-element_type=\"column\">\n\t\t\t<div class=\"elementor-widget-wrap elementor-element-populated\">\n\t\t\t\t\t\t<div class=\"elementor-element elementor-element-8386df6 elementor-widget elementor-widget-heading\" data-id=\"8386df6\" data-element_type=\"widget\" data-widget_type=\"heading.default\">\n\t\t\t\t<div class=\"elementor-widget-container\">\n\t\t\t<h2 class=\"elementor-heading-title elementor-size-default\">2013<\/h2>\t\t<\/div>\n\t\t\t\t<\/div>\n\t\t\t\t<div class=\"elementor-element elementor-element-b141c34 elementor-widget elementor-widget-text-editor\" data-id=\"b141c34\" data-element_type=\"widget\" data-widget_type=\"text-editor.default\">\n\t\t\t\t<div class=\"elementor-widget-container\">\n\t\t\t\t\t\t\t<p>1st in the CdC (Cam\u00ed de Cavalls) 2013 (3rd absolute)<\/p>\t\t\t\t\t\t<\/div>\n\t\t\t\t<\/div>\n\t\t\t\t\t<\/div>\n\t\t<\/div>\n\t\t\t\t\t<\/div>\n\t\t<\/section>\n\t\t\t\t<section class=\"elementor-section elementor-top-section elementor-element elementor-element-be196fb elementor-section-boxed elementor-section-height-default elementor-section-height-default\" data-id=\"be196fb\" data-element_type=\"section\">\n\t\t\t\t\t\t<div class=\"elementor-container elementor-column-gap-default\">\n\t\t\t\t\t<div class=\"elementor-column elementor-col-33 elementor-top-column elementor-element elementor-element-7da61f3\" data-id=\"7da61f3\" data-element_type=\"column\">\n\t\t\t<div class=\"elementor-widget-wrap elementor-element-populated\">\n\t\t\t\t\t\t<div class=\"elementor-element elementor-element-c27c3c0 elementor-widget elementor-widget-heading\" data-id=\"c27c3c0\" data-element_type=\"widget\" data-widget_type=\"heading.default\">\n\t\t\t\t<div class=\"elementor-widget-container\">\n\t\t\t<h2 class=\"elementor-heading-title elementor-size-default\">2012<\/h2>\t\t<\/div>\n\t\t\t\t<\/div>\n\t\t\t\t<div class=\"elementor-element elementor-element-e52466b elementor-widget elementor-widget-text-editor\" data-id=\"e52466b\" data-element_type=\"widget\" data-widget_type=\"text-editor.default\">\n\t\t\t\t<div class=\"elementor-widget-container\">\n\t\t\t\t\t\t\t<p>5th at the TDS Montblanc 2012<\/p>\t\t\t\t\t\t<\/div>\n\t\t\t\t<\/div>\n\t\t\t\t\t<\/div>\n\t\t<\/div>\n\t\t\t\t<div class=\"elementor-column elementor-col-33 elementor-top-column elementor-element elementor-element-34b5fa2\" data-id=\"34b5fa2\" data-element_type=\"column\">\n\t\t\t<div class=\"elementor-widget-wrap elementor-element-populated\">\n\t\t\t\t\t\t<div class=\"elementor-element elementor-element-0a3277b elementor-widget elementor-widget-heading\" data-id=\"0a3277b\" data-element_type=\"widget\" data-widget_type=\"heading.default\">\n\t\t\t\t<div class=\"elementor-widget-container\">\n\t\t\t<h2 class=\"elementor-heading-title elementor-size-default\"><span style=\"color: var( --e-global-color-primary ); font-family: var( --e-global-typography-primary-font-family ), Sans-serif; font-weight: var( --e-global-typography-primary-font-weight );\">Others<\/span><\/h2>\t\t<\/div>\n\t\t\t\t<\/div>\n\t\t\t\t<div class=\"elementor-element elementor-element-641058b elementor-widget elementor-widget-text-editor\" data-id=\"641058b\" data-element_type=\"widget\" data-widget_type=\"text-editor.default\">\n\t\t\t\t<div class=\"elementor-widget-container\">\n\t\t\t\t\t\t\t<p>Raid runner, including the Bimbache World Championship<\/p>\t\t\t\t\t\t<\/div>\n\t\t\t\t<\/div>\n\t\t\t\t\t<\/div>\n\t\t<\/div>\n\t\t\t\t<div class=\"elementor-column elementor-col-33 elementor-top-column elementor-element elementor-element-3eef97b\" data-id=\"3eef97b\" data-element_type=\"column\">\n\t\t\t<div class=\"elementor-widget-wrap elementor-element-populated\">\n\t\t\t\t\t\t<div class=\"elementor-element elementor-element-ac17232 elementor-widget elementor-widget-text-editor\" data-id=\"ac17232\" data-element_type=\"widget\" data-widget_type=\"text-editor.default\">\n\t\t\t\t<div class=\"elementor-widget-container\">\n\t\t\t\t\t\t\t\t\t\t\t\t\t<\/div>\n\t\t\t\t<\/div>\n\t\t\t\t\t<\/div>\n\t\t<\/div>\n\t\t\t\t\t<\/div>\n\t\t<\/section>\n\t\t\t\t<\/div>","protected":false},"excerpt":{"rendered":"<p>CURRICULUM RUNNER Ultra trail runner of the Columbia International team. 2021 2nd in the Trail des Barrancs (50Km) 2020 1st in the Trail des Fars (46Km) 2019 4th in the Transgrancanaria Marathon (45 km) 2nd in the Cam\u00ed de Cavalls de Menorca (186 km) 2018 6th in the Transgrancanaria (125 km) ) 1st on the South Coast [...]<\/p>","protected":false},"author":1,"featured_media":0,"parent":67,"menu_order":0,"comment_status":"closed","ping_status":"closed","template":"","meta":{"_acf_changed":false,"footnotes":""},"acf":[],"yoast_head":"<!-- This site is optimized with the Yoast SEO plugin v23.4 - https:\/\/yoast.com\/wordpress\/plugins\/seo\/ -->\n<title>Palmar\u00e9s &#8212; Laia Diez<\/title>\n<meta name=\"robots\" content=\"index, follow, max-snippet:-1, max-image-preview:large, max-video-preview:-1\" \/>\n<link rel=\"canonical\" href=\"https:\/\/laiadiez.com\/en\/runner\/palm-trees\/\" \/>\n<meta property=\"og:locale\" content=\"en_GB\" \/>\n<meta property=\"og:type\" content=\"article\" \/>\n<meta property=\"og:title\" content=\"Palmar\u00e9s &#8212; Laia Diez\" \/>\n<meta property=\"og:description\" content=\"CURR\u00cdCULUM RUNNER Corredora d\u2019ultra trails de l\u2019equip Internacional Columbia. 2021 2a a la Trail des Barrancs (50Km) 2020 1a a la Trail des Fars (46Km) 2019 4a a la Marat\u00f3 Transgrancan\u00e0ria (45 km) 2a a la Cam\u00ed de Cavalls de Menorca (186 km) 2018 6a a la Transgrancan\u00e0ria (125 km) 1a a la Costa Sud [&hellip;]\" \/>\n<meta property=\"og:url\" content=\"https:\/\/laiadiez.com\/en\/runner\/palm-trees\/\" \/>\n<meta property=\"og:site_name\" content=\"Laia Diez\" \/>\n<meta property=\"article:modified_time\" content=\"2022-01-10T17:26:56+00:00\" \/>\n<meta name=\"twitter:card\" content=\"summary_large_image\" \/>\n<meta name=\"twitter:label1\" content=\"Estimated reading time\" \/>\n\t<meta name=\"twitter:data1\" content=\"1 minute\" \/>\n<script type=\"application\/ld+json\" class=\"yoast-schema-graph\">{\"@context\":\"https:\/\/schema.org\",\"@graph\":[{\"@type\":\"WebPage\",\"@id\":\"https:\/\/laiadiez.com\/corredora\/palmares\/\",\"url\":\"https:\/\/laiadiez.com\/corredora\/palmares\/\",\"name\":\"Palmar\u00e9s &#8212; Laia Diez\",\"isPartOf\":{\"@id\":\"https:\/\/laiadiez.com\/#website\"},\"datePublished\":\"2019-07-24T20:36:31+00:00\",\"dateModified\":\"2022-01-10T17:26:56+00:00\",\"breadcrumb\":{\"@id\":\"https:\/\/laiadiez.com\/corredora\/palmares\/#breadcrumb\"},\"inLanguage\":\"en-GB\",\"potentialAction\":[{\"@type\":\"ReadAction\",\"target\":[\"https:\/\/laiadiez.com\/corredora\/palmares\/\"]}]},{\"@type\":\"BreadcrumbList\",\"@id\":\"https:\/\/laiadiez.com\/corredora\/palmares\/#breadcrumb\",\"itemListElement\":[{\"@type\":\"ListItem\",\"position\":1,\"name\":\"Inici\",\"item\":\"https:\/\/laiadiez.com\/\"},{\"@type\":\"ListItem\",\"position\":2,\"name\":\"Corredora\",\"item\":\"https:\/\/laiadiez.com\/corredora\/\"},{\"@type\":\"ListItem\",\"position\":3,\"name\":\"Palmar\u00e9s\"}]},{\"@type\":\"WebSite\",\"@id\":\"https:\/\/laiadiez.com\/#website\",\"url\":\"https:\/\/laiadiez.com\/\",\"name\":\"Laia Diez\",\"description\":\"\",\"publisher\":{\"@id\":\"https:\/\/laiadiez.com\/#organization\"},\"potentialAction\":[{\"@type\":\"SearchAction\",\"target\":{\"@type\":\"EntryPoint\",\"urlTemplate\":\"https:\/\/laiadiez.com\/?s={search_term_string}\"},\"query-input\":{\"@type\":\"PropertyValueSpecification\",\"valueRequired\":true,\"valueName\":\"search_term_string\"}}],\"inLanguage\":\"en-GB\"},{\"@type\":\"Organization\",\"@id\":\"https:\/\/laiadiez.com\/#organization\",\"name\":\"Laia Diez\",\"url\":\"https:\/\/laiadiez.com\/\",\"logo\":{\"@type\":\"ImageObject\",\"inLanguage\":\"en-GB\",\"@id\":\"https:\/\/laiadiez.com\/#\/schema\/logo\/image\/\",\"url\":\"https:\/\/laiadiez.com\/wp-content\/uploads\/2019\/10\/LaiaDiez.png\",\"contentUrl\":\"https:\/\/laiadiez.com\/wp-content\/uploads\/2019\/10\/LaiaDiez.png\",\"width\":970,\"height\":500,\"caption\":\"Laia Diez\"},\"image\":{\"@id\":\"https:\/\/laiadiez.com\/#\/schema\/logo\/image\/\"}}]}<\/script>\n<!-- \/ Yoast SEO plugin. -->","yoast_head_json":{"title":"Palmar\u00e9s &#8212; Laia Diez","robots":{"index":"index","follow":"follow","max-snippet":"max-snippet:-1","max-image-preview":"max-image-preview:large","max-video-preview":"max-video-preview:-1"},"canonical":"https:\/\/laiadiez.com\/en\/runner\/palm-trees\/","og_locale":"en_GB","og_type":"article","og_title":"Palmar\u00e9s &#8212; Laia Diez","og_description":"CURR\u00cdCULUM RUNNER Corredora d\u2019ultra trails de l\u2019equip Internacional Columbia. 2021 2a a la Trail des Barrancs (50Km) 2020 1a a la Trail des Fars (46Km) 2019 4a a la Marat\u00f3 Transgrancan\u00e0ria (45 km) 2a a la Cam\u00ed de Cavalls de Menorca (186 km) 2018 6a a la Transgrancan\u00e0ria (125 km) 1a a la Costa Sud [&hellip;]","og_url":"https:\/\/laiadiez.com\/en\/runner\/palm-trees\/","og_site_name":"Laia Diez","article_modified_time":"2022-01-10T17:26:56+00:00","twitter_card":"summary_large_image","twitter_misc":{"Estimated reading time":"1 minute"},"schema":{"@context":"https:\/\/schema.org","@graph":[{"@type":"WebPage","@id":"https:\/\/laiadiez.com\/corredora\/palmares\/","url":"https:\/\/laiadiez.com\/corredora\/palmares\/","name":"Palmar\u00e9s &#8212; Laia Diez","isPartOf":{"@id":"https:\/\/laiadiez.com\/#website"},"datePublished":"2019-07-24T20:36:31+00:00","dateModified":"2022-01-10T17:26:56+00:00","breadcrumb":{"@id":"https:\/\/laiadiez.com\/corredora\/palmares\/#breadcrumb"},"inLanguage":"en-GB","potentialAction":[{"@type":"ReadAction","target":["https:\/\/laiadiez.com\/corredora\/palmares\/"]}]},{"@type":"BreadcrumbList","@id":"https:\/\/laiadiez.com\/corredora\/palmares\/#breadcrumb","itemListElement":[{"@type":"ListItem","position":1,"name":"Inici","item":"https:\/\/laiadiez.com\/"},{"@type":"ListItem","position":2,"name":"Corredora","item":"https:\/\/laiadiez.com\/corredora\/"},{"@type":"ListItem","position":3,"name":"Palmar\u00e9s"}]},{"@type":"WebSite","@id":"https:\/\/laiadiez.com\/#website","url":"https:\/\/laiadiez.com\/","name":"Laia Diez","description":"","publisher":{"@id":"https:\/\/laiadiez.com\/#organization"},"potentialAction":[{"@type":"SearchAction","target":{"@type":"EntryPoint","urlTemplate":"https:\/\/laiadiez.com\/?s={search_term_string}"},"query-input":{"@type":"PropertyValueSpecification","valueRequired":true,"valueName":"search_term_string"}}],"inLanguage":"en-GB"},{"@type":"Organization","@id":"https:\/\/laiadiez.com\/#organization","name":"Laia Diez","url":"https:\/\/laiadiez.com\/","logo":{"@type":"ImageObject","inLanguage":"en-GB","@id":"https:\/\/laiadiez.com\/#\/schema\/logo\/image\/","url":"https:\/\/laiadiez.com\/wp-content\/uploads\/2019\/10\/LaiaDiez.png","contentUrl":"https:\/\/laiadiez.com\/wp-content\/uploads\/2019\/10\/LaiaDiez.png","width":970,"height":500,"caption":"Laia Diez"},"image":{"@id":"https:\/\/laiadiez.com\/#\/schema\/logo\/image\/"}}]}},"_links":{"self":[{"href":"https:\/\/laiadiez.com\/en\/wp-json\/wp\/v2\/pages\/237"}],"collection":[{"href":"https:\/\/laiadiez.com\/en\/wp-json\/wp\/v2\/pages"}],"about":[{"href":"https:\/\/laiadiez.com\/en\/wp-json\/wp\/v2\/types\/page"}],"author":[{"embeddable":true,"href":"https:\/\/laiadiez.com\/en\/wp-json\/wp\/v2\/users\/1"}],"replies":[{"embeddable":true,"href":"https:\/\/laiadiez.com\/en\/wp-json\/wp\/v2\/comments?post=237"}],"version-history":[{"count":0,"href":"https:\/\/laiadiez.com\/en\/wp-json\/wp\/v2\/pages\/237\/revisions"}],"up":[{"embeddable":true,"href":"https:\/\/laiadiez.com\/en\/wp-json\/wp\/v2\/pages\/67"}],"wp:attachment":[{"href":"https:\/\/laiadiez.com\/en\/wp-json\/wp\/v2\/media?parent=237"}],"curies":[{"name":"wp","href":"https:\/\/api.w.org\/{rel}","templated":true}]}}