{"id":1081,"date":"2020-01-10T10:04:17","date_gmt":"2020-01-10T10:04:17","guid":{"rendered":"https:\/\/laiadiez.com\/?page_id=1081"},"modified":"2024-07-10T19:09:06","modified_gmt":"2024-07-10T19:09:06","slug":"inscripcio-escola","status":"publish","type":"page","link":"https:\/\/laiadiez.com\/es\/escuela-de-trail\/inscripcion-escuela\/","title":{"rendered":"Inscripci\u00f3n escuela"},"content":{"rendered":"<div data-elementor-type=\"wp-page\" data-elementor-id=\"1081\" class=\"elementor elementor-1081\" data-elementor-post-type=\"page\">\n\t\t\t\t\t\t<section class=\"elementor-section elementor-top-section elementor-element elementor-element-67009f64 elementor-section-height-min-height elementor-section-boxed elementor-section-height-default elementor-section-items-middle\" data-id=\"67009f64\" data-element_type=\"section\" data-settings=\"{&quot;background_background&quot;:&quot;classic&quot;,&quot;shape_divider_bottom&quot;:&quot;tilt&quot;}\">\n\t\t\t\t\t<div class=\"elementor-shape elementor-shape-bottom\" data-negative=\"false\">\n\t\t\t<svg xmlns=\"http:\/\/www.w3.org\/2000\/svg\" viewbox=\"0 0 1000 100\" preserveaspectratio=\"none\">\n\t<path class=\"elementor-shape-fill\" d=\"M0,6V0h1000v100L0,6z\"\/>\n<\/svg>\t\t<\/div>\n\t\t\t\t\t<div class=\"elementor-container elementor-column-gap-default\">\n\t\t\t\t\t<div class=\"elementor-column elementor-col-100 elementor-top-column elementor-element elementor-element-6960e4f\" data-id=\"6960e4f\" data-element_type=\"column\">\n\t\t\t<div class=\"elementor-widget-wrap elementor-element-populated\">\n\t\t\t\t\t\t<section class=\"elementor-section elementor-inner-section elementor-element elementor-element-fafdd72 elementor-section-boxed elementor-section-height-default elementor-section-height-default\" data-id=\"fafdd72\" data-element_type=\"section\">\n\t\t\t\t\t\t<div class=\"elementor-container elementor-column-gap-default\">\n\t\t\t\t\t<div class=\"elementor-column elementor-col-100 elementor-inner-column elementor-element elementor-element-4a0b8021\" data-id=\"4a0b8021\" data-element_type=\"column\">\n\t\t\t<div class=\"elementor-widget-wrap elementor-element-populated\">\n\t\t\t\t\t\t<div class=\"elementor-element elementor-element-5188565a text-vermell elementor-widget elementor-widget-heading\" data-id=\"5188565a\" data-element_type=\"widget\" data-widget_type=\"heading.default\">\n\t\t\t\t<div class=\"elementor-widget-container\">\n\t\t\t<h1 class=\"elementor-heading-title elementor-size-default\">INSCRIPCI\u00d3N<\/h1>\t\t<\/div>\n\t\t\t\t<\/div>\n\t\t\t\t\t<\/div>\n\t\t<\/div>\n\t\t\t\t\t<\/div>\n\t\t<\/section>\n\t\t\t\t\t<\/div>\n\t\t<\/div>\n\t\t\t\t\t<\/div>\n\t\t<\/section>\n\t\t\t\t<section class=\"elementor-section elementor-top-section elementor-element elementor-element-20f1f9c8 elementor-section-boxed elementor-section-height-default elementor-section-height-default\" data-id=\"20f1f9c8\" data-element_type=\"section\">\n\t\t\t\t\t\t<div class=\"elementor-container elementor-column-gap-default\">\n\t\t\t\t\t<div class=\"elementor-column elementor-col-50 elementor-top-column elementor-element elementor-element-57323cc5\" data-id=\"57323cc5\" data-element_type=\"column\">\n\t\t\t<div class=\"elementor-widget-wrap elementor-element-populated\">\n\t\t\t\t\t\t<div class=\"elementor-element elementor-element-3454eb75 elementor-widget elementor-widget-text-editor\" data-id=\"3454eb75\" data-element_type=\"widget\" data-widget_type=\"text-editor.default\">\n\t\t\t\t<div class=\"elementor-widget-container\">\n\t\t\t\t\t\t\t<p>Para formalizar la inscripci\u00f3n es necesario rellenar esta hoja, enviarlo por correo electr\u00f3nico y entregarla presencialmente.<\/p>\t\t\t\t\t\t<\/div>\n\t\t\t\t<\/div>\n\t\t\t\t<div class=\"elementor-element elementor-element-604dcdd elementor-align-justify elementor-widget elementor-widget-button\" data-id=\"604dcdd\" data-element_type=\"widget\" data-widget_type=\"button.default\">\n\t\t\t\t<div class=\"elementor-widget-container\">\n\t\t\t\t\t<div class=\"elementor-button-wrapper\">\n\t\t\t<a class=\"elementor-button elementor-button-link elementor-size-lg\" href=\"https:\/\/laiadiez.com\/wp-content\/uploads\/2024\/07\/Alta-Escola-de-Trail-Laia-Diez.pdf\" target=\"_blank\">\n\t\t\t\t\t\t<span class=\"elementor-button-content-wrapper\">\n\t\t\t\t\t\t<span class=\"elementor-button-icon elementor-align-icon-left\">\n\t\t\t\t<i aria-hidden=\"true\" class=\"fas fa-arrow-alt-circle-down\"><\/i>\t\t\t<\/span>\n\t\t\t\t\t\t<span class=\"elementor-button-text\">Hoja inscripci\u00f3n ni\u00f1os\/as<\/span>\n\t\t<\/span>\n\t\t\t\t\t<\/a>\n\t\t<\/div>\n\t\t\t\t<\/div>\n\t\t\t\t<\/div>\n\t\t\t\t<div class=\"elementor-element elementor-element-0d77a46 elementor-align-justify elementor-widget elementor-widget-button\" data-id=\"0d77a46\" data-element_type=\"widget\" data-widget_type=\"button.default\">\n\t\t\t\t<div class=\"elementor-widget-container\">\n\t\t\t\t\t<div class=\"elementor-button-wrapper\">\n\t\t\t<a class=\"elementor-button elementor-button-link elementor-size-lg\" href=\"https:\/\/laiadiez.com\/wp-content\/uploads\/2024\/07\/Inscripcio-Adults-Escola-de-Trail-Laia-Diez.pdf\">\n\t\t\t\t\t\t<span class=\"elementor-button-content-wrapper\">\n\t\t\t\t\t\t<span class=\"elementor-button-icon elementor-align-icon-left\">\n\t\t\t\t<i aria-hidden=\"true\" class=\"fas fa-arrow-alt-circle-down\"><\/i>\t\t\t<\/span>\n\t\t\t\t\t\t<span class=\"elementor-button-text\">Hoja inscripci\u00f3n adultos<\/span>\n\t\t<\/span>\n\t\t\t\t\t<\/a>\n\t\t<\/div>\n\t\t\t\t<\/div>\n\t\t\t\t<\/div>\n\t\t\t\t\t<\/div>\n\t\t<\/div>\n\t\t\t\t<div class=\"elementor-column elementor-col-50 elementor-top-column elementor-element elementor-element-375161b5\" data-id=\"375161b5\" data-element_type=\"column\">\n\t\t\t<div class=\"elementor-widget-wrap\">\n\t\t\t\t\t\t\t<\/div>\n\t\t<\/div>\n\t\t\t\t\t<\/div>\n\t\t<\/section>\n\t\t\t\t<\/div>","protected":false},"excerpt":{"rendered":"<p>INSCRIPCI\u00d3N Para formalizar la inscripci\u00f3n es necesario rellenar esta hoja, enviarlo por correo electr\u00f3nico y entregar presencialmente. Hoja inscripci\u00f3n ni\u00f1os \/ as Hoja inscripci\u00f3n adultos<\/p>","protected":false},"author":1,"featured_media":0,"parent":40,"menu_order":0,"comment_status":"closed","ping_status":"closed","template":"","meta":{"_acf_changed":false,"footnotes":""},"acf":[],"yoast_head":"<!-- This site is optimized with the Yoast SEO plugin v23.4 - https:\/\/yoast.com\/wordpress\/plugins\/seo\/ -->\n<title>Inscripci\u00f3 escola &#8212; Laia Diez<\/title>\n<meta name=\"robots\" content=\"index, follow, max-snippet:-1, max-image-preview:large, max-video-preview:-1\" \/>\n<link rel=\"canonical\" href=\"https:\/\/laiadiez.com\/es\/escuela-de-trail\/inscripcion-escuela\/\" \/>\n<meta property=\"og:locale\" content=\"es_ES\" \/>\n<meta property=\"og:type\" content=\"article\" \/>\n<meta property=\"og:title\" content=\"Inscripci\u00f3 escola &#8212; Laia Diez\" \/>\n<meta property=\"og:description\" content=\"INSCRIPCI\u00d3 Per formalitzar la inscripci\u00f3 cal omplir aquest full, enviar-lo per correu electr\u00f2nic i entregar-lo presencialment. Full inscripci\u00f3 nens\/es Full inscripci\u00f3 adults\" \/>\n<meta property=\"og:url\" content=\"https:\/\/laiadiez.com\/es\/escuela-de-trail\/inscripcion-escuela\/\" \/>\n<meta property=\"og:site_name\" content=\"Laia Diez\" \/>\n<meta property=\"article:modified_time\" content=\"2024-07-10T19:09:06+00:00\" \/>\n<meta name=\"twitter:card\" content=\"summary_large_image\" \/>\n<meta name=\"twitter:label1\" content=\"Tiempo de lectura\" \/>\n\t<meta name=\"twitter:data1\" content=\"1 minuto\" \/>\n<script type=\"application\/ld+json\" class=\"yoast-schema-graph\">{\"@context\":\"https:\/\/schema.org\",\"@graph\":[{\"@type\":\"WebPage\",\"@id\":\"https:\/\/laiadiez.com\/escola-de-trail\/inscripcio-escola\/\",\"url\":\"https:\/\/laiadiez.com\/escola-de-trail\/inscripcio-escola\/\",\"name\":\"Inscripci\u00f3 escola &#8212; Laia Diez\",\"isPartOf\":{\"@id\":\"https:\/\/laiadiez.com\/#website\"},\"datePublished\":\"2020-01-10T10:04:17+00:00\",\"dateModified\":\"2024-07-10T19:09:06+00:00\",\"breadcrumb\":{\"@id\":\"https:\/\/laiadiez.com\/escola-de-trail\/inscripcio-escola\/#breadcrumb\"},\"inLanguage\":\"es\",\"potentialAction\":[{\"@type\":\"ReadAction\",\"target\":[\"https:\/\/laiadiez.com\/escola-de-trail\/inscripcio-escola\/\"]}]},{\"@type\":\"BreadcrumbList\",\"@id\":\"https:\/\/laiadiez.com\/escola-de-trail\/inscripcio-escola\/#breadcrumb\",\"itemListElement\":[{\"@type\":\"ListItem\",\"position\":1,\"name\":\"Inici\",\"item\":\"https:\/\/laiadiez.com\/\"},{\"@type\":\"ListItem\",\"position\":2,\"name\":\"Escola de Trail\",\"item\":\"https:\/\/laiadiez.com\/escola-de-trail\/\"},{\"@type\":\"ListItem\",\"position\":3,\"name\":\"Inscripci\u00f3 escola\"}]},{\"@type\":\"WebSite\",\"@id\":\"https:\/\/laiadiez.com\/#website\",\"url\":\"https:\/\/laiadiez.com\/\",\"name\":\"Laia Diez\",\"description\":\"\",\"publisher\":{\"@id\":\"https:\/\/laiadiez.com\/#organization\"},\"potentialAction\":[{\"@type\":\"SearchAction\",\"target\":{\"@type\":\"EntryPoint\",\"urlTemplate\":\"https:\/\/laiadiez.com\/?s={search_term_string}\"},\"query-input\":{\"@type\":\"PropertyValueSpecification\",\"valueRequired\":true,\"valueName\":\"search_term_string\"}}],\"inLanguage\":\"es\"},{\"@type\":\"Organization\",\"@id\":\"https:\/\/laiadiez.com\/#organization\",\"name\":\"Laia Diez\",\"url\":\"https:\/\/laiadiez.com\/\",\"logo\":{\"@type\":\"ImageObject\",\"inLanguage\":\"es\",\"@id\":\"https:\/\/laiadiez.com\/#\/schema\/logo\/image\/\",\"url\":\"https:\/\/laiadiez.com\/wp-content\/uploads\/2019\/10\/LaiaDiez.png\",\"contentUrl\":\"https:\/\/laiadiez.com\/wp-content\/uploads\/2019\/10\/LaiaDiez.png\",\"width\":970,\"height\":500,\"caption\":\"Laia Diez\"},\"image\":{\"@id\":\"https:\/\/laiadiez.com\/#\/schema\/logo\/image\/\"}}]}<\/script>\n<!-- \/ Yoast SEO plugin. -->","yoast_head_json":{"title":"Inscripci\u00f3 escola &#8212; Laia Diez","robots":{"index":"index","follow":"follow","max-snippet":"max-snippet:-1","max-image-preview":"max-image-preview:large","max-video-preview":"max-video-preview:-1"},"canonical":"https:\/\/laiadiez.com\/es\/escuela-de-trail\/inscripcion-escuela\/","og_locale":"es_ES","og_type":"article","og_title":"Inscripci\u00f3 escola &#8212; Laia Diez","og_description":"INSCRIPCI\u00d3 Per formalitzar la inscripci\u00f3 cal omplir aquest full, enviar-lo per correu electr\u00f2nic i entregar-lo presencialment. Full inscripci\u00f3 nens\/es Full inscripci\u00f3 adults","og_url":"https:\/\/laiadiez.com\/es\/escuela-de-trail\/inscripcion-escuela\/","og_site_name":"Laia Diez","article_modified_time":"2024-07-10T19:09:06+00:00","twitter_card":"summary_large_image","twitter_misc":{"Tiempo de lectura":"1 minuto"},"schema":{"@context":"https:\/\/schema.org","@graph":[{"@type":"WebPage","@id":"https:\/\/laiadiez.com\/escola-de-trail\/inscripcio-escola\/","url":"https:\/\/laiadiez.com\/escola-de-trail\/inscripcio-escola\/","name":"Inscripci\u00f3 escola &#8212; Laia Diez","isPartOf":{"@id":"https:\/\/laiadiez.com\/#website"},"datePublished":"2020-01-10T10:04:17+00:00","dateModified":"2024-07-10T19:09:06+00:00","breadcrumb":{"@id":"https:\/\/laiadiez.com\/escola-de-trail\/inscripcio-escola\/#breadcrumb"},"inLanguage":"es","potentialAction":[{"@type":"ReadAction","target":["https:\/\/laiadiez.com\/escola-de-trail\/inscripcio-escola\/"]}]},{"@type":"BreadcrumbList","@id":"https:\/\/laiadiez.com\/escola-de-trail\/inscripcio-escola\/#breadcrumb","itemListElement":[{"@type":"ListItem","position":1,"name":"Inici","item":"https:\/\/laiadiez.com\/"},{"@type":"ListItem","position":2,"name":"Escola de Trail","item":"https:\/\/laiadiez.com\/escola-de-trail\/"},{"@type":"ListItem","position":3,"name":"Inscripci\u00f3 escola"}]},{"@type":"WebSite","@id":"https:\/\/laiadiez.com\/#website","url":"https:\/\/laiadiez.com\/","name":"Laia Diez","description":"","publisher":{"@id":"https:\/\/laiadiez.com\/#organization"},"potentialAction":[{"@type":"SearchAction","target":{"@type":"EntryPoint","urlTemplate":"https:\/\/laiadiez.com\/?s={search_term_string}"},"query-input":{"@type":"PropertyValueSpecification","valueRequired":true,"valueName":"search_term_string"}}],"inLanguage":"es"},{"@type":"Organization","@id":"https:\/\/laiadiez.com\/#organization","name":"Laia Diez","url":"https:\/\/laiadiez.com\/","logo":{"@type":"ImageObject","inLanguage":"es","@id":"https:\/\/laiadiez.com\/#\/schema\/logo\/image\/","url":"https:\/\/laiadiez.com\/wp-content\/uploads\/2019\/10\/LaiaDiez.png","contentUrl":"https:\/\/laiadiez.com\/wp-content\/uploads\/2019\/10\/LaiaDiez.png","width":970,"height":500,"caption":"Laia Diez"},"image":{"@id":"https:\/\/laiadiez.com\/#\/schema\/logo\/image\/"}}]}},"_links":{"self":[{"href":"https:\/\/laiadiez.com\/es\/wp-json\/wp\/v2\/pages\/1081"}],"collection":[{"href":"https:\/\/laiadiez.com\/es\/wp-json\/wp\/v2\/pages"}],"about":[{"href":"https:\/\/laiadiez.com\/es\/wp-json\/wp\/v2\/types\/page"}],"author":[{"embeddable":true,"href":"https:\/\/laiadiez.com\/es\/wp-json\/wp\/v2\/users\/1"}],"replies":[{"embeddable":true,"href":"https:\/\/laiadiez.com\/es\/wp-json\/wp\/v2\/comments?post=1081"}],"version-history":[{"count":0,"href":"https:\/\/laiadiez.com\/es\/wp-json\/wp\/v2\/pages\/1081\/revisions"}],"up":[{"embeddable":true,"href":"https:\/\/laiadiez.com\/es\/wp-json\/wp\/v2\/pages\/40"}],"wp:attachment":[{"href":"https:\/\/laiadiez.com\/es\/wp-json\/wp\/v2\/media?parent=1081"}],"curies":[{"name":"wp","href":"https:\/\/api.w.org\/{rel}","templated":true}]}}