{"id":30,"date":"2019-07-23T14:58:05","date_gmt":"2019-07-23T14:58:05","guid":{"rendered":"https:\/\/laiadiez.com\/?page_id=30"},"modified":"2022-01-10T17:17:35","modified_gmt":"2022-01-10T17:17:35","slug":"qui-soc","status":"publish","type":"page","link":"https:\/\/laiadiez.com\/es\/corredora\/quien-soy\/","title":{"rendered":"\u00bfQui\u00e9n soy?"},"content":{"rendered":"<div data-elementor-type=\"wp-post\" data-elementor-id=\"30\" class=\"elementor elementor-30\" data-elementor-post-type=\"page\">\n\t\t\t\t\t\t<section class=\"elementor-section elementor-top-section elementor-element elementor-element-0afab36 elementor-section-height-min-height elementor-section-boxed elementor-section-height-default elementor-section-items-middle\" data-id=\"0afab36\" data-element_type=\"section\" data-settings=\"{&quot;background_background&quot;:&quot;classic&quot;,&quot;shape_divider_bottom&quot;:&quot;tilt&quot;}\">\n\t\t\t\t\t<div class=\"elementor-shape elementor-shape-bottom\" data-negative=\"false\">\n\t\t\t<svg xmlns=\"http:\/\/www.w3.org\/2000\/svg\" viewbox=\"0 0 1000 100\" preserveaspectratio=\"none\">\n\t<path class=\"elementor-shape-fill\" d=\"M0,6V0h1000v100L0,6z\"\/>\n<\/svg>\t\t<\/div>\n\t\t\t\t\t<div class=\"elementor-container elementor-column-gap-default\">\n\t\t\t\t\t<div class=\"elementor-column elementor-col-100 elementor-top-column elementor-element elementor-element-f93e014\" data-id=\"f93e014\" data-element_type=\"column\">\n\t\t\t<div class=\"elementor-widget-wrap elementor-element-populated\">\n\t\t\t\t\t\t<section class=\"elementor-section elementor-inner-section elementor-element elementor-element-2023878 elementor-section-boxed elementor-section-height-default elementor-section-height-default\" data-id=\"2023878\" data-element_type=\"section\">\n\t\t\t\t\t\t<div class=\"elementor-container elementor-column-gap-default\">\n\t\t\t\t\t<div class=\"elementor-column elementor-col-100 elementor-inner-column elementor-element elementor-element-f30816e\" data-id=\"f30816e\" data-element_type=\"column\">\n\t\t\t<div class=\"elementor-widget-wrap elementor-element-populated\">\n\t\t\t\t\t\t<div class=\"elementor-element elementor-element-98b1316 text-vermell elementor-widget elementor-widget-heading\" data-id=\"98b1316\" data-element_type=\"widget\" data-widget_type=\"heading.default\">\n\t\t\t\t<div class=\"elementor-widget-container\">\n\t\t\t<h1 class=\"elementor-heading-title elementor-size-default\">\u00bfQUI\u00c9N SOY?<\/h1>\t\t<\/div>\n\t\t\t\t<\/div>\n\t\t\t\t\t<\/div>\n\t\t<\/div>\n\t\t\t\t\t<\/div>\n\t\t<\/section>\n\t\t\t\t\t<\/div>\n\t\t<\/div>\n\t\t\t\t\t<\/div>\n\t\t<\/section>\n\t\t\t\t<section class=\"elementor-section elementor-top-section elementor-element elementor-element-d978caa elementor-section-boxed elementor-section-height-default elementor-section-height-default\" data-id=\"d978caa\" data-element_type=\"section\">\n\t\t\t\t\t\t<div class=\"elementor-container elementor-column-gap-default\">\n\t\t\t\t\t<div class=\"elementor-column elementor-col-50 elementor-top-column elementor-element elementor-element-6968f06\" data-id=\"6968f06\" data-element_type=\"column\">\n\t\t\t<div class=\"elementor-widget-wrap elementor-element-populated\">\n\t\t\t\t\t\t<div class=\"elementor-element elementor-element-0d127a2 elementor-widget elementor-widget-text-editor\" data-id=\"0d127a2\" data-element_type=\"widget\" data-widget_type=\"text-editor.default\">\n\t\t\t\t<div class=\"elementor-widget-container\">\n\t\t\t\t\t\t\t<p>Licenciada en Ciencias de la Actividad F\u00edsica y el Deporte en la Universidad de Barcelona. Posgrado en Preparaci\u00f3n F\u00edsica del Deporte Colectivo en el FC Barcelona. Quiromasajista.<\/p><p>Actualmente, entrenadora personal, desde hace m\u00e1s de 15 a\u00f1os en el gimnasio de entrenamiento personal Altius de Manresa y desde hace m\u00e1s de 8 a\u00f1os entrenando a corredores de todo el mundo. Especializada en el \u00e1mbito del trail.<\/p><p>Cofundadora de la Escuela de Trail Laia Diez, ubicada en Castellnou de Bages, desde 2016.<\/p>\t\t\t\t\t\t<\/div>\n\t\t\t\t<\/div>\n\t\t\t\t\t<\/div>\n\t\t<\/div>\n\t\t\t\t<div class=\"elementor-column elementor-col-50 elementor-top-column elementor-element elementor-element-e828480\" data-id=\"e828480\" data-element_type=\"column\">\n\t\t\t<div class=\"elementor-widget-wrap elementor-element-populated\">\n\t\t\t\t\t\t<div class=\"elementor-element elementor-element-19690a8 elementor-widget elementor-widget-text-editor\" data-id=\"19690a8\" data-element_type=\"widget\" data-widget_type=\"text-editor.default\">\n\t\t\t\t<div class=\"elementor-widget-container\">\n\t\t\t\t\t\t\t<ul>\n<li>Laia Diez Fontanet.<\/li>\n<li>Castellnou de Bages (Urb. El Serrat).<\/li>\n<li>Licenciada en Ciencias de la Actividad F\u00edsica y el Deporte.<\/li>\n<li>Posgrado en Preparaci\u00f3n F\u00edsica de deportes colectivos en el FC Barcelona.<\/li>\n<li>Actualmente, entrenadora personal, entre otros, de corredores de ultra trails como Pau Capell, Ionel Cristian Manole, Joaqu\u00edn L\u00f3pez, Isaac Riera o Joaqu\u00edn L\u00f3pez.<\/li>\n<li>Responsable de la Escuela de Trail Laia Diez.<\/li>\n<li>Socia del gimnasio de entrenamiento personal Altius de Manresa.<\/li>\n<li>Corredera de ultra trails del equipo Internacional Columbia.<\/li>\n<\/ul>\t\t\t\t\t\t<\/div>\n\t\t\t\t<\/div>\n\t\t\t\t\t<\/div>\n\t\t<\/div>\n\t\t\t\t\t<\/div>\n\t\t<\/section>\n\t\t\t\t<section class=\"elementor-section elementor-top-section elementor-element elementor-element-4c8458e elementor-section-boxed elementor-section-height-default elementor-section-height-default\" data-id=\"4c8458e\" data-element_type=\"section\">\n\t\t\t\t\t\t<div class=\"elementor-container elementor-column-gap-default\">\n\t\t\t\t\t<div class=\"elementor-column elementor-col-100 elementor-top-column elementor-element elementor-element-0ef05bb\" data-id=\"0ef05bb\" data-element_type=\"column\">\n\t\t\t<div class=\"elementor-widget-wrap elementor-element-populated\">\n\t\t\t\t\t\t<div class=\"elementor-element elementor-element-3517d61 uael-ins-normal elementor-widget elementor-widget-uael-image-gallery\" data-id=\"3517d61\" data-element_type=\"widget\" data-settings=\"{&quot;justified_margin&quot;:{&quot;unit&quot;:&quot;px&quot;,&quot;size&quot;:3,&quot;sizes&quot;:[]},&quot;justified_margin_tablet&quot;:{&quot;unit&quot;:&quot;px&quot;,&quot;size&quot;:&quot;&quot;,&quot;sizes&quot;:[]},&quot;justified_margin_mobile&quot;:{&quot;unit&quot;:&quot;px&quot;,&quot;size&quot;:&quot;&quot;,&quot;sizes&quot;:[]}}\" data-widget_type=\"uael-image-gallery.default\">\n\t\t\t\t<div class=\"elementor-widget-container\">\n\t\t\t<div class=\"uael-gallery-parent uael-caption-\"><div class=\"uael-img-gallery-wrap uael-img-justified-wrap uael-img-grid-masonry-wrap uael-image-lightbox-wrap\" data-filter-default=\"All\" data-rowheight=\"171\" data-lastrow=\"nojustify\" data-lightbox_actions=\"[&quot;close&quot;]\" data-lightbox-gallery-loop=\"\"><div class=\"uael-grid-item\"><div class=\"uael-grid-item-content\"><a class=\"uael-grid-img uael-grid-gallery-img uael-ins-hover elementor-clickable\" data-fancybox=\"uael-gallery\" href=\"https:\/\/laiadiez.com\/wp-content\/uploads\/2019\/10\/Foto-LaiaDiez-Corredora.jpg\" data-elementor-open-lightbox=\"no\"><div class=\"uael-grid-img-thumbnail uael-ins-target\"><img fetchpriority=\"high\" decoding=\"async\" width=\"300\" height=\"169\" src=\"https:\/\/laiadiez.com\/wp-content\/uploads\/2019\/10\/Foto-LaiaDiez-Corredora-300x169.jpg\" class=\"attachment-medium size-medium wp-image-411\" alt=\"\" srcset=\"https:\/\/laiadiez.com\/wp-content\/uploads\/2019\/10\/Foto-LaiaDiez-Corredora-300x169.jpg 300w, https:\/\/laiadiez.com\/wp-content\/uploads\/2019\/10\/Foto-LaiaDiez-Corredora-768x432.jpg 768w, https:\/\/laiadiez.com\/wp-content\/uploads\/2019\/10\/Foto-LaiaDiez-Corredora-1024x576.jpg 1024w, https:\/\/laiadiez.com\/wp-content\/uploads\/2019\/10\/Foto-LaiaDiez-Corredora.jpg 1200w\" sizes=\"(max-width: 300px) 100vw, 300px\" \/><\/div><div class=\"uael-grid-img-overlay\"><\/div><\/a><\/div><\/div><div class=\"uael-grid-item\"><div class=\"uael-grid-item-content\"><a class=\"uael-grid-img uael-grid-gallery-img uael-ins-hover elementor-clickable\" data-fancybox=\"uael-gallery\" href=\"https:\/\/laiadiez.com\/wp-content\/uploads\/2019\/10\/IMG_0754.jpg\" data-elementor-open-lightbox=\"no\"><div class=\"uael-grid-img-thumbnail uael-ins-target\"><img decoding=\"async\" width=\"300\" height=\"200\" src=\"https:\/\/laiadiez.com\/wp-content\/uploads\/2019\/10\/IMG_0754-300x200.jpg\" class=\"attachment-medium size-medium wp-image-401\" alt=\"\" srcset=\"https:\/\/laiadiez.com\/wp-content\/uploads\/2019\/10\/IMG_0754-300x200.jpg 300w, https:\/\/laiadiez.com\/wp-content\/uploads\/2019\/10\/IMG_0754-768x512.jpg 768w, https:\/\/laiadiez.com\/wp-content\/uploads\/2019\/10\/IMG_0754-1024x683.jpg 1024w, https:\/\/laiadiez.com\/wp-content\/uploads\/2019\/10\/IMG_0754.jpg 1200w\" sizes=\"(max-width: 300px) 100vw, 300px\" \/><\/div><div class=\"uael-grid-img-overlay\"><\/div><\/a><\/div><\/div><div class=\"uael-grid-item\"><div class=\"uael-grid-item-content\"><a class=\"uael-grid-img uael-grid-gallery-img uael-ins-hover elementor-clickable\" data-fancybox=\"uael-gallery\" href=\"https:\/\/laiadiez.com\/wp-content\/uploads\/2019\/10\/DSC9752-1.jpg\" data-elementor-open-lightbox=\"no\"><div class=\"uael-grid-img-thumbnail uael-ins-target\"><img decoding=\"async\" width=\"300\" height=\"200\" src=\"https:\/\/laiadiez.com\/wp-content\/uploads\/2019\/10\/DSC9752-1-300x200.jpg\" class=\"attachment-medium size-medium wp-image-400\" alt=\"\" srcset=\"https:\/\/laiadiez.com\/wp-content\/uploads\/2019\/10\/DSC9752-1-300x200.jpg 300w, https:\/\/laiadiez.com\/wp-content\/uploads\/2019\/10\/DSC9752-1-768x512.jpg 768w, https:\/\/laiadiez.com\/wp-content\/uploads\/2019\/10\/DSC9752-1-1024x683.jpg 1024w, https:\/\/laiadiez.com\/wp-content\/uploads\/2019\/10\/DSC9752-1.jpg 1200w\" sizes=\"(max-width: 300px) 100vw, 300px\" \/><\/div><div class=\"uael-grid-img-overlay\"><\/div><\/a><\/div><\/div><div class=\"uael-grid-item\"><div class=\"uael-grid-item-content\"><a class=\"uael-grid-img uael-grid-gallery-img uael-ins-hover elementor-clickable\" data-fancybox=\"uael-gallery\" href=\"https:\/\/laiadiez.com\/wp-content\/uploads\/2019\/12\/5ba9abbe-df3d-4f0b-a65a-0d4acefff538.jpg\" data-elementor-open-lightbox=\"no\"><div class=\"uael-grid-img-thumbnail uael-ins-target\"><img loading=\"lazy\" decoding=\"async\" width=\"300\" height=\"200\" src=\"https:\/\/laiadiez.com\/wp-content\/uploads\/2019\/12\/5ba9abbe-df3d-4f0b-a65a-0d4acefff538-300x200.jpg\" class=\"attachment-medium size-medium wp-image-1002\" alt=\"\" srcset=\"https:\/\/laiadiez.com\/wp-content\/uploads\/2019\/12\/5ba9abbe-df3d-4f0b-a65a-0d4acefff538-300x200.jpg 300w, https:\/\/laiadiez.com\/wp-content\/uploads\/2019\/12\/5ba9abbe-df3d-4f0b-a65a-0d4acefff538-768x512.jpg 768w, https:\/\/laiadiez.com\/wp-content\/uploads\/2019\/12\/5ba9abbe-df3d-4f0b-a65a-0d4acefff538.jpg 1024w\" sizes=\"(max-width: 300px) 100vw, 300px\" \/><\/div><div class=\"uael-grid-img-overlay\"><\/div><\/a><\/div><\/div><div class=\"uael-grid-item\"><div class=\"uael-grid-item-content\"><a class=\"uael-grid-img uael-grid-gallery-img uael-ins-hover elementor-clickable\" data-fancybox=\"uael-gallery\" href=\"https:\/\/laiadiez.com\/wp-content\/uploads\/2019\/12\/5d1590b4-f3ca-40cb-842e-8f933c79cfdb.jpg\" data-elementor-open-lightbox=\"no\"><div class=\"uael-grid-img-thumbnail uael-ins-target\"><img loading=\"lazy\" decoding=\"async\" width=\"200\" height=\"300\" src=\"https:\/\/laiadiez.com\/wp-content\/uploads\/2019\/12\/5d1590b4-f3ca-40cb-842e-8f933c79cfdb-200x300.jpg\" class=\"attachment-medium size-medium wp-image-1003\" alt=\"\" srcset=\"https:\/\/laiadiez.com\/wp-content\/uploads\/2019\/12\/5d1590b4-f3ca-40cb-842e-8f933c79cfdb-200x300.jpg 200w, https:\/\/laiadiez.com\/wp-content\/uploads\/2019\/12\/5d1590b4-f3ca-40cb-842e-8f933c79cfdb-684x1024.jpg 684w, https:\/\/laiadiez.com\/wp-content\/uploads\/2019\/12\/5d1590b4-f3ca-40cb-842e-8f933c79cfdb-768x1151.jpg 768w, https:\/\/laiadiez.com\/wp-content\/uploads\/2019\/12\/5d1590b4-f3ca-40cb-842e-8f933c79cfdb-1025x1536.jpg 1025w, https:\/\/laiadiez.com\/wp-content\/uploads\/2019\/12\/5d1590b4-f3ca-40cb-842e-8f933c79cfdb.jpg 801w\" sizes=\"(max-width: 200px) 100vw, 200px\" \/><\/div><div class=\"uael-grid-img-overlay\"><\/div><\/a><\/div><\/div><div class=\"uael-grid-item\"><div class=\"uael-grid-item-content\"><a class=\"uael-grid-img uael-grid-gallery-img uael-ins-hover elementor-clickable\" data-fancybox=\"uael-gallery\" href=\"https:\/\/laiadiez.com\/wp-content\/uploads\/2019\/12\/IMG_0209-scaled.jpg\" data-elementor-open-lightbox=\"no\"><div class=\"uael-grid-img-thumbnail uael-ins-target\"><img loading=\"lazy\" decoding=\"async\" width=\"300\" height=\"200\" src=\"https:\/\/laiadiez.com\/wp-content\/uploads\/2019\/12\/IMG_0209-300x200.jpg\" class=\"attachment-medium size-medium wp-image-1005\" alt=\"\" srcset=\"https:\/\/laiadiez.com\/wp-content\/uploads\/2019\/12\/IMG_0209-300x200.jpg 300w, https:\/\/laiadiez.com\/wp-content\/uploads\/2019\/12\/IMG_0209-1024x683.jpg 1024w, https:\/\/laiadiez.com\/wp-content\/uploads\/2019\/12\/IMG_0209-768x512.jpg 768w, https:\/\/laiadiez.com\/wp-content\/uploads\/2019\/12\/IMG_0209-1536x1024.jpg 1536w, https:\/\/laiadiez.com\/wp-content\/uploads\/2019\/12\/IMG_0209-2048x1365.jpg 2048w, https:\/\/laiadiez.com\/wp-content\/uploads\/2019\/12\/IMG_0209-scaled.jpg 1200w\" sizes=\"(max-width: 300px) 100vw, 300px\" \/><\/div><div class=\"uael-grid-img-overlay\"><\/div><\/a><\/div><\/div><div class=\"uael-grid-item\"><div class=\"uael-grid-item-content\"><a class=\"uael-grid-img uael-grid-gallery-img uael-ins-hover elementor-clickable\" data-fancybox=\"uael-gallery\" href=\"https:\/\/laiadiez.com\/wp-content\/uploads\/2019\/12\/IMG_4159-scaled.jpg\" data-elementor-open-lightbox=\"no\"><div class=\"uael-grid-img-thumbnail uael-ins-target\"><img loading=\"lazy\" decoding=\"async\" width=\"300\" height=\"200\" src=\"https:\/\/laiadiez.com\/wp-content\/uploads\/2019\/12\/IMG_4159-300x200.jpg\" class=\"attachment-medium size-medium wp-image-1006\" alt=\"\" srcset=\"https:\/\/laiadiez.com\/wp-content\/uploads\/2019\/12\/IMG_4159-300x200.jpg 300w, https:\/\/laiadiez.com\/wp-content\/uploads\/2019\/12\/IMG_4159-1024x683.jpg 1024w, https:\/\/laiadiez.com\/wp-content\/uploads\/2019\/12\/IMG_4159-768x512.jpg 768w, https:\/\/laiadiez.com\/wp-content\/uploads\/2019\/12\/IMG_4159-1536x1024.jpg 1536w, https:\/\/laiadiez.com\/wp-content\/uploads\/2019\/12\/IMG_4159-2048x1365.jpg 2048w, https:\/\/laiadiez.com\/wp-content\/uploads\/2019\/12\/IMG_4159-scaled.jpg 1200w\" sizes=\"(max-width: 300px) 100vw, 300px\" \/><\/div><div class=\"uael-grid-img-overlay\"><\/div><\/a><\/div><\/div><\/div><\/div>\t\t<\/div>\n\t\t\t\t<\/div>\n\t\t\t\t\t<\/div>\n\t\t<\/div>\n\t\t\t\t\t<\/div>\n\t\t<\/section>\n\t\t\t\t<\/div>","protected":false},"excerpt":{"rendered":"<p>\u00bfQUI\u00c9N SOY? Licenciada en Ciencias de la Actividad F\u00edsica y el Deporte en la Universidad de Barcelona. Postgrado en Preparaci\u00f3n F\u00edsica del Deporte Colectivo en el FC Barcelona. Quiromasajista. Actualmente, entrenadora personal, desde hace m\u00e1s de 15 a\u00f1os en el gimnasio de entrenamiento personal Altius de Manresa y desde hace m\u00e1s de 8 a\u00f1os entrenando a corredores de todo [\u2026]<\/p>","protected":false},"author":1,"featured_media":0,"parent":67,"menu_order":0,"comment_status":"closed","ping_status":"closed","template":"","meta":{"_acf_changed":false,"footnotes":""},"acf":[],"yoast_head":"<!-- This site is optimized with the Yoast SEO plugin v23.4 - https:\/\/yoast.com\/wordpress\/plugins\/seo\/ -->\n<title>Qui soc? &#8212; Laia Diez<\/title>\n<meta name=\"robots\" content=\"index, follow, max-snippet:-1, max-image-preview:large, max-video-preview:-1\" \/>\n<link rel=\"canonical\" href=\"https:\/\/laiadiez.com\/es\/corredora\/quien-soy\/\" \/>\n<meta property=\"og:locale\" content=\"es_ES\" \/>\n<meta property=\"og:type\" content=\"article\" \/>\n<meta property=\"og:title\" content=\"Qui soc? &#8212; Laia Diez\" \/>\n<meta property=\"og:description\" content=\"QUI SOC? Llicenciada en Ci\u00e8ncies de l\u2019Activitat F\u00edsica i l\u2019Esport a la Univeristat de Barcelona. Postgrau en Preparaci\u00f3 F\u00edsica de l\u2019Esport Col\u00b7lectiu al FC Barcelona. Quiromassatgista. Actualment, entrenadora personal, des de fa m\u00e9s de 15 anys al gimn\u00e0s d\u2019entrenament personal Altius de Manresa i des de fa m\u00e9s de 8 anys entrenant corredors de tot [&hellip;]\" \/>\n<meta property=\"og:url\" content=\"https:\/\/laiadiez.com\/es\/corredora\/quien-soy\/\" \/>\n<meta property=\"og:site_name\" content=\"Laia Diez\" \/>\n<meta property=\"article:modified_time\" content=\"2022-01-10T17:17:35+00:00\" \/>\n<meta property=\"og:image\" content=\"https:\/\/laiadiez.com\/wp-content\/uploads\/2019\/10\/Foto-LaiaDiez-Corredora-300x169.jpg\" \/>\n<meta name=\"twitter:card\" content=\"summary_large_image\" \/>\n<meta name=\"twitter:label1\" content=\"Tiempo de lectura\" \/>\n\t<meta name=\"twitter:data1\" content=\"4 minutos\" \/>\n<script type=\"application\/ld+json\" class=\"yoast-schema-graph\">{\"@context\":\"https:\/\/schema.org\",\"@graph\":[{\"@type\":\"WebPage\",\"@id\":\"https:\/\/laiadiez.com\/corredora\/qui-soc\/\",\"url\":\"https:\/\/laiadiez.com\/corredora\/qui-soc\/\",\"name\":\"Qui soc? &#8212; Laia Diez\",\"isPartOf\":{\"@id\":\"https:\/\/laiadiez.com\/#website\"},\"primaryImageOfPage\":{\"@id\":\"https:\/\/laiadiez.com\/corredora\/qui-soc\/#primaryimage\"},\"image\":{\"@id\":\"https:\/\/laiadiez.com\/corredora\/qui-soc\/#primaryimage\"},\"thumbnailUrl\":\"https:\/\/laiadiez.com\/wp-content\/uploads\/2019\/10\/Foto-LaiaDiez-Corredora-300x169.jpg\",\"datePublished\":\"2019-07-23T14:58:05+00:00\",\"dateModified\":\"2022-01-10T17:17:35+00:00\",\"breadcrumb\":{\"@id\":\"https:\/\/laiadiez.com\/corredora\/qui-soc\/#breadcrumb\"},\"inLanguage\":\"es\",\"potentialAction\":[{\"@type\":\"ReadAction\",\"target\":[\"https:\/\/laiadiez.com\/corredora\/qui-soc\/\"]}]},{\"@type\":\"ImageObject\",\"inLanguage\":\"es\",\"@id\":\"https:\/\/laiadiez.com\/corredora\/qui-soc\/#primaryimage\",\"url\":\"https:\/\/laiadiez.com\/wp-content\/uploads\/2019\/10\/Foto-LaiaDiez-Corredora-300x169.jpg\",\"contentUrl\":\"https:\/\/laiadiez.com\/wp-content\/uploads\/2019\/10\/Foto-LaiaDiez-Corredora-300x169.jpg\"},{\"@type\":\"BreadcrumbList\",\"@id\":\"https:\/\/laiadiez.com\/corredora\/qui-soc\/#breadcrumb\",\"itemListElement\":[{\"@type\":\"ListItem\",\"position\":1,\"name\":\"Inici\",\"item\":\"https:\/\/laiadiez.com\/\"},{\"@type\":\"ListItem\",\"position\":2,\"name\":\"Corredora\",\"item\":\"https:\/\/laiadiez.com\/corredora\/\"},{\"@type\":\"ListItem\",\"position\":3,\"name\":\"Qui soc?\"}]},{\"@type\":\"WebSite\",\"@id\":\"https:\/\/laiadiez.com\/#website\",\"url\":\"https:\/\/laiadiez.com\/\",\"name\":\"Laia Diez\",\"description\":\"\",\"publisher\":{\"@id\":\"https:\/\/laiadiez.com\/#organization\"},\"potentialAction\":[{\"@type\":\"SearchAction\",\"target\":{\"@type\":\"EntryPoint\",\"urlTemplate\":\"https:\/\/laiadiez.com\/?s={search_term_string}\"},\"query-input\":{\"@type\":\"PropertyValueSpecification\",\"valueRequired\":true,\"valueName\":\"search_term_string\"}}],\"inLanguage\":\"es\"},{\"@type\":\"Organization\",\"@id\":\"https:\/\/laiadiez.com\/#organization\",\"name\":\"Laia Diez\",\"url\":\"https:\/\/laiadiez.com\/\",\"logo\":{\"@type\":\"ImageObject\",\"inLanguage\":\"es\",\"@id\":\"https:\/\/laiadiez.com\/#\/schema\/logo\/image\/\",\"url\":\"https:\/\/laiadiez.com\/wp-content\/uploads\/2019\/10\/LaiaDiez.png\",\"contentUrl\":\"https:\/\/laiadiez.com\/wp-content\/uploads\/2019\/10\/LaiaDiez.png\",\"width\":970,\"height\":500,\"caption\":\"Laia Diez\"},\"image\":{\"@id\":\"https:\/\/laiadiez.com\/#\/schema\/logo\/image\/\"}}]}<\/script>\n<!-- \/ Yoast SEO plugin. -->","yoast_head_json":{"title":"Qui soc? &#8212; Laia Diez","robots":{"index":"index","follow":"follow","max-snippet":"max-snippet:-1","max-image-preview":"max-image-preview:large","max-video-preview":"max-video-preview:-1"},"canonical":"https:\/\/laiadiez.com\/es\/corredora\/quien-soy\/","og_locale":"es_ES","og_type":"article","og_title":"Qui soc? &#8212; Laia Diez","og_description":"QUI SOC? Llicenciada en Ci\u00e8ncies de l\u2019Activitat F\u00edsica i l\u2019Esport a la Univeristat de Barcelona. Postgrau en Preparaci\u00f3 F\u00edsica de l\u2019Esport Col\u00b7lectiu al FC Barcelona. Quiromassatgista. Actualment, entrenadora personal, des de fa m\u00e9s de 15 anys al gimn\u00e0s d\u2019entrenament personal Altius de Manresa i des de fa m\u00e9s de 8 anys entrenant corredors de tot [&hellip;]","og_url":"https:\/\/laiadiez.com\/es\/corredora\/quien-soy\/","og_site_name":"Laia Diez","article_modified_time":"2022-01-10T17:17:35+00:00","og_image":[{"url":"https:\/\/laiadiez.com\/wp-content\/uploads\/2019\/10\/Foto-LaiaDiez-Corredora-300x169.jpg"}],"twitter_card":"summary_large_image","twitter_misc":{"Tiempo de lectura":"4 minutos"},"schema":{"@context":"https:\/\/schema.org","@graph":[{"@type":"WebPage","@id":"https:\/\/laiadiez.com\/corredora\/qui-soc\/","url":"https:\/\/laiadiez.com\/corredora\/qui-soc\/","name":"Qui soc? &#8212; Laia Diez","isPartOf":{"@id":"https:\/\/laiadiez.com\/#website"},"primaryImageOfPage":{"@id":"https:\/\/laiadiez.com\/corredora\/qui-soc\/#primaryimage"},"image":{"@id":"https:\/\/laiadiez.com\/corredora\/qui-soc\/#primaryimage"},"thumbnailUrl":"https:\/\/laiadiez.com\/wp-content\/uploads\/2019\/10\/Foto-LaiaDiez-Corredora-300x169.jpg","datePublished":"2019-07-23T14:58:05+00:00","dateModified":"2022-01-10T17:17:35+00:00","breadcrumb":{"@id":"https:\/\/laiadiez.com\/corredora\/qui-soc\/#breadcrumb"},"inLanguage":"es","potentialAction":[{"@type":"ReadAction","target":["https:\/\/laiadiez.com\/corredora\/qui-soc\/"]}]},{"@type":"ImageObject","inLanguage":"es","@id":"https:\/\/laiadiez.com\/corredora\/qui-soc\/#primaryimage","url":"https:\/\/laiadiez.com\/wp-content\/uploads\/2019\/10\/Foto-LaiaDiez-Corredora-300x169.jpg","contentUrl":"https:\/\/laiadiez.com\/wp-content\/uploads\/2019\/10\/Foto-LaiaDiez-Corredora-300x169.jpg"},{"@type":"BreadcrumbList","@id":"https:\/\/laiadiez.com\/corredora\/qui-soc\/#breadcrumb","itemListElement":[{"@type":"ListItem","position":1,"name":"Inici","item":"https:\/\/laiadiez.com\/"},{"@type":"ListItem","position":2,"name":"Corredora","item":"https:\/\/laiadiez.com\/corredora\/"},{"@type":"ListItem","position":3,"name":"Qui soc?"}]},{"@type":"WebSite","@id":"https:\/\/laiadiez.com\/#website","url":"https:\/\/laiadiez.com\/","name":"Laia Diez","description":"","publisher":{"@id":"https:\/\/laiadiez.com\/#organization"},"potentialAction":[{"@type":"SearchAction","target":{"@type":"EntryPoint","urlTemplate":"https:\/\/laiadiez.com\/?s={search_term_string}"},"query-input":{"@type":"PropertyValueSpecification","valueRequired":true,"valueName":"search_term_string"}}],"inLanguage":"es"},{"@type":"Organization","@id":"https:\/\/laiadiez.com\/#organization","name":"Laia Diez","url":"https:\/\/laiadiez.com\/","logo":{"@type":"ImageObject","inLanguage":"es","@id":"https:\/\/laiadiez.com\/#\/schema\/logo\/image\/","url":"https:\/\/laiadiez.com\/wp-content\/uploads\/2019\/10\/LaiaDiez.png","contentUrl":"https:\/\/laiadiez.com\/wp-content\/uploads\/2019\/10\/LaiaDiez.png","width":970,"height":500,"caption":"Laia Diez"},"image":{"@id":"https:\/\/laiadiez.com\/#\/schema\/logo\/image\/"}}]}},"_links":{"self":[{"href":"https:\/\/laiadiez.com\/es\/wp-json\/wp\/v2\/pages\/30"}],"collection":[{"href":"https:\/\/laiadiez.com\/es\/wp-json\/wp\/v2\/pages"}],"about":[{"href":"https:\/\/laiadiez.com\/es\/wp-json\/wp\/v2\/types\/page"}],"author":[{"embeddable":true,"href":"https:\/\/laiadiez.com\/es\/wp-json\/wp\/v2\/users\/1"}],"replies":[{"embeddable":true,"href":"https:\/\/laiadiez.com\/es\/wp-json\/wp\/v2\/comments?post=30"}],"version-history":[{"count":0,"href":"https:\/\/laiadiez.com\/es\/wp-json\/wp\/v2\/pages\/30\/revisions"}],"up":[{"embeddable":true,"href":"https:\/\/laiadiez.com\/es\/wp-json\/wp\/v2\/pages\/67"}],"wp:attachment":[{"href":"https:\/\/laiadiez.com\/es\/wp-json\/wp\/v2\/media?parent=30"}],"curies":[{"name":"wp","href":"https:\/\/api.w.org\/{rel}","templated":true}]}}