{"id":40,"date":"2019-07-23T14:58:44","date_gmt":"2019-07-23T14:58:44","guid":{"rendered":"https:\/\/laiadiez.com\/?page_id=40"},"modified":"2021-11-22T20:07:43","modified_gmt":"2021-11-22T20:07:43","slug":"escola-de-trail","status":"publish","type":"page","link":"https:\/\/laiadiez.com\/es\/escuela-de-trail\/","title":{"rendered":"Escuela de Trail"},"content":{"rendered":"<div data-elementor-type=\"wp-page\" data-elementor-id=\"40\" class=\"elementor elementor-40\" data-elementor-post-type=\"page\">\n\t\t\t\t\t\t<section class=\"elementor-section elementor-top-section elementor-element elementor-element-3f4ac13a elementor-section-height-min-height animated-slow elementor-section-boxed elementor-section-height-default elementor-section-items-middle elementor-invisible\" data-id=\"3f4ac13a\" data-element_type=\"section\" data-settings=\"{&quot;shape_divider_bottom&quot;:&quot;tilt&quot;,&quot;background_background&quot;:&quot;classic&quot;,&quot;animation&quot;:&quot;fadeIn&quot;}\">\n\t\t\t\t\t<div class=\"elementor-shape elementor-shape-bottom\" data-negative=\"false\">\n\t\t\t<svg xmlns=\"http:\/\/www.w3.org\/2000\/svg\" viewbox=\"0 0 1000 100\" preserveaspectratio=\"none\">\n\t<path class=\"elementor-shape-fill\" d=\"M0,6V0h1000v100L0,6z\"\/>\n<\/svg>\t\t<\/div>\n\t\t\t\t\t<div class=\"elementor-container elementor-column-gap-default\">\n\t\t\t\t\t<div class=\"elementor-column elementor-col-100 elementor-top-column elementor-element elementor-element-165af14f elementor-hidden-phone elementor-invisible\" data-id=\"165af14f\" data-element_type=\"column\" data-settings=\"{&quot;animation&quot;:&quot;fadeInLeft&quot;,&quot;animation_delay&quot;:1000}\">\n\t\t\t<div class=\"elementor-widget-wrap elementor-element-populated\">\n\t\t\t\t\t\t<div class=\"elementor-element elementor-element-406ce01 elementor-widget elementor-widget-heading\" data-id=\"406ce01\" data-element_type=\"widget\" data-widget_type=\"heading.default\">\n\t\t\t\t<div class=\"elementor-widget-container\">\n\t\t\t<h2 class=\"elementor-heading-title elementor-size-default\">UN CAMPE\u00d3N SE HACE CON UN 1% DE TALENTO Y UN 99% DE ESFUERZO<\/h2>\t\t<\/div>\n\t\t\t\t<\/div>\n\t\t\t\t<div class=\"elementor-element elementor-element-583dcfa7 elementor-view-default elementor-widget elementor-widget-icon\" data-id=\"583dcfa7\" data-element_type=\"widget\" data-widget_type=\"icon.default\">\n\t\t\t\t<div class=\"elementor-widget-container\">\n\t\t\t\t\t<div class=\"elementor-icon-wrapper\">\n\t\t\t<a class=\"elementor-icon\" href=\"#inici\">\n\t\t\t<i aria-hidden=\"true\" class=\"fas fa-arrow-down\"><\/i>\t\t\t<\/a>\n\t\t<\/div>\n\t\t\t\t<\/div>\n\t\t\t\t<\/div>\n\t\t\t\t\t<\/div>\n\t\t<\/div>\n\t\t\t\t\t<\/div>\n\t\t<\/section>\n\t\t\t\t<section class=\"elementor-section elementor-top-section elementor-element elementor-element-6a0ba79c elementor-section-boxed elementor-section-height-default elementor-section-height-default\" data-id=\"6a0ba79c\" data-element_type=\"section\" data-settings=\"{&quot;background_background&quot;:&quot;classic&quot;,&quot;shape_divider_bottom&quot;:&quot;tilt&quot;}\">\n\t\t\t\t\t<div class=\"elementor-shape elementor-shape-bottom\" data-negative=\"false\">\n\t\t\t<svg xmlns=\"http:\/\/www.w3.org\/2000\/svg\" viewbox=\"0 0 1000 100\" preserveaspectratio=\"none\">\n\t<path class=\"elementor-shape-fill\" d=\"M0,6V0h1000v100L0,6z\"\/>\n<\/svg>\t\t<\/div>\n\t\t\t\t\t<div class=\"elementor-container elementor-column-gap-default\">\n\t\t\t\t\t<div class=\"elementor-column elementor-col-50 elementor-top-column elementor-element elementor-element-31363956 elementor-invisible\" data-id=\"31363956\" data-element_type=\"column\" data-settings=\"{&quot;animation&quot;:&quot;fadeIn&quot;,&quot;animation_delay&quot;:500}\">\n\t\t\t<div class=\"elementor-widget-wrap elementor-element-populated\">\n\t\t\t\t\t\t<div class=\"elementor-element elementor-element-297561f8 elementor-widget elementor-widget-menu-anchor\" data-id=\"297561f8\" data-element_type=\"widget\" data-widget_type=\"menu-anchor.default\">\n\t\t\t\t<div class=\"elementor-widget-container\">\n\t\t\t\t\t<div id=\"inici\" class=\"elementor-menu-anchor\"><\/div>\n\t\t\t\t<\/div>\n\t\t\t\t<\/div>\n\t\t\t\t<div class=\"elementor-element elementor-element-705de190 elementor-widget elementor-widget-image\" data-id=\"705de190\" data-element_type=\"widget\" data-widget_type=\"image.default\">\n\t\t\t\t<div class=\"elementor-widget-container\">\n\t\t\t\t\t\t\t\t\t\t\t\t\t<img fetchpriority=\"high\" decoding=\"async\" width=\"300\" height=\"300\" src=\"https:\/\/laiadiez.com\/wp-content\/uploads\/2019\/10\/DSC4538.jpg\" class=\"attachment-large size-large wp-image-689\" alt=\"\" srcset=\"https:\/\/laiadiez.com\/wp-content\/uploads\/2019\/10\/DSC4538.jpg 300w, https:\/\/laiadiez.com\/wp-content\/uploads\/2019\/10\/DSC4538-150x150.jpg 150w\" sizes=\"(max-width: 300px) 100vw, 300px\" \/>\t\t\t\t\t\t\t\t\t\t\t\t\t<\/div>\n\t\t\t\t<\/div>\n\t\t\t\t\t<\/div>\n\t\t<\/div>\n\t\t\t\t<div class=\"elementor-column elementor-col-50 elementor-top-column elementor-element elementor-element-47e1aa3d animated-slow elementor-invisible\" data-id=\"47e1aa3d\" data-element_type=\"column\" data-settings=\"{&quot;animation&quot;:&quot;fadeIn&quot;,&quot;animation_delay&quot;:500}\">\n\t\t\t<div class=\"elementor-widget-wrap elementor-element-populated\">\n\t\t\t\t\t\t<div class=\"elementor-element elementor-element-480dfd51 elementor-widget elementor-widget-text-editor\" data-id=\"480dfd51\" data-element_type=\"widget\" data-widget_type=\"text-editor.default\">\n\t\t\t\t<div class=\"elementor-widget-container\">\n\t\t\t\t\t\t\t<p>Hace m\u00e1s de 5 a\u00f1os decidimos con mi pareja, Elisa, empezar un proyecto que nos hac\u00eda much\u00edsima ilusi\u00f3n: crear una escuela de trail en nuestro municipio, Castellnou de Bages.<\/p><p>As\u00ed pues, en septiembre de 2016 empezamos con la Escuela de Trail Laia Diez.<\/p>\t\t\t\t\t\t<\/div>\n\t\t\t\t<\/div>\n\t\t\t\t<div class=\"elementor-element elementor-element-6defd5f elementor-view-default elementor-widget elementor-widget-icon\" data-id=\"6defd5f\" data-element_type=\"widget\" data-widget_type=\"icon.default\">\n\t\t\t\t<div class=\"elementor-widget-container\">\n\t\t\t\t\t<div class=\"elementor-icon-wrapper\">\n\t\t\t<a class=\"elementor-icon elementor-animation-pulse\" href=\"https:\/\/laiadiez.com\/es\/escuela-de-trail\/sobre-la-escuela\/\">\n\t\t\t<i aria-hidden=\"true\" class=\"fas fa-plus\"><\/i>\t\t\t<\/a>\n\t\t<\/div>\n\t\t\t\t<\/div>\n\t\t\t\t<\/div>\n\t\t\t\t\t<\/div>\n\t\t<\/div>\n\t\t\t\t\t<\/div>\n\t\t<\/section>\n\t\t\t\t<section class=\"elementor-section elementor-top-section elementor-element elementor-element-2244634b animated-slow elementor-section-boxed elementor-section-height-default elementor-section-height-default elementor-invisible\" data-id=\"2244634b\" data-element_type=\"section\" data-settings=\"{&quot;animation&quot;:&quot;fadeIn&quot;,&quot;animation_delay&quot;:500}\">\n\t\t\t\t\t\t<div class=\"elementor-container elementor-column-gap-default\">\n\t\t\t\t\t<div class=\"elementor-column elementor-col-100 elementor-top-column elementor-element elementor-element-377ce7d6\" data-id=\"377ce7d6\" data-element_type=\"column\">\n\t\t\t<div class=\"elementor-widget-wrap elementor-element-populated\">\n\t\t\t\t\t\t<div class=\"elementor-element elementor-element-2f898786 elementor-widget elementor-widget-heading\" data-id=\"2f898786\" data-element_type=\"widget\" data-widget_type=\"heading.default\">\n\t\t\t\t<div class=\"elementor-widget-container\">\n\t\t\t<h1 class=\"elementor-heading-title elementor-size-default\">NOTICIAS<\/h1>\t\t<\/div>\n\t\t\t\t<\/div>\n\t\t\t\t\t<\/div>\n\t\t<\/div>\n\t\t\t\t\t<\/div>\n\t\t<\/section>\n\t\t\t\t<section class=\"elementor-section elementor-top-section elementor-element elementor-element-614392d0 animated-slow elementor-section-boxed elementor-section-height-default elementor-section-height-default elementor-invisible\" data-id=\"614392d0\" data-element_type=\"section\" data-settings=\"{&quot;shape_divider_top&quot;:&quot;tilt&quot;,&quot;animation&quot;:&quot;fadeIn&quot;,&quot;animation_delay&quot;:500}\">\n\t\t\t\t\t<div class=\"elementor-shape elementor-shape-top\" data-negative=\"false\">\n\t\t\t<svg xmlns=\"http:\/\/www.w3.org\/2000\/svg\" viewbox=\"0 0 1000 100\" preserveaspectratio=\"none\">\n\t<path class=\"elementor-shape-fill\" d=\"M0,6V0h1000v100L0,6z\"\/>\n<\/svg>\t\t<\/div>\n\t\t\t\t\t<div class=\"elementor-container elementor-column-gap-default\">\n\t\t\t\t\t<div class=\"elementor-column elementor-col-100 elementor-top-column elementor-element elementor-element-5927b8ea\" data-id=\"5927b8ea\" data-element_type=\"column\">\n\t\t\t<div class=\"elementor-widget-wrap elementor-element-populated\">\n\t\t\t\t\t\t<div class=\"elementor-element elementor-element-36144633 elementor-grid-3 elementor-grid-tablet-2 elementor-grid-mobile-1 elementor-posts--thumbnail-top elementor-widget elementor-widget-posts\" data-id=\"36144633\" data-element_type=\"widget\" data-settings=\"{&quot;classic_columns&quot;:&quot;3&quot;,&quot;classic_columns_tablet&quot;:&quot;2&quot;,&quot;classic_columns_mobile&quot;:&quot;1&quot;,&quot;classic_row_gap&quot;:{&quot;unit&quot;:&quot;px&quot;,&quot;size&quot;:35,&quot;sizes&quot;:[]},&quot;classic_row_gap_tablet&quot;:{&quot;unit&quot;:&quot;px&quot;,&quot;size&quot;:&quot;&quot;,&quot;sizes&quot;:[]},&quot;classic_row_gap_mobile&quot;:{&quot;unit&quot;:&quot;px&quot;,&quot;size&quot;:&quot;&quot;,&quot;sizes&quot;:[]}}\" data-widget_type=\"posts.classic\">\n\t\t\t\t<div class=\"elementor-widget-container\">\n\t\t\t\t\t<div class=\"elementor-posts-container elementor-posts elementor-posts--skin-classic elementor-grid\">\n\t\t\t\t<article class=\"elementor-post elementor-grid-item post-666 post type-post status-publish format-standard has-post-thumbnail hentry category-escola-de-trail\">\n\t\t\t\t<a class=\"elementor-post__thumbnail__link\" href=\"https:\/\/laiadiez.com\/es\/primer-cross-de-la-escuela-de-trail\/\" tabindex=\"-1\" >\n\t\t\t<div class=\"elementor-post__thumbnail\"><img decoding=\"async\" width=\"300\" height=\"225\" src=\"https:\/\/laiadiez.com\/wp-content\/uploads\/2019\/10\/3c036f64-abd0-4654-bcca-c828ac85be06-300x225.jpg\" class=\"attachment-medium size-medium wp-image-672\" alt=\"\" srcset=\"https:\/\/laiadiez.com\/wp-content\/uploads\/2019\/10\/3c036f64-abd0-4654-bcca-c828ac85be06-300x225.jpg 300w, https:\/\/laiadiez.com\/wp-content\/uploads\/2019\/10\/3c036f64-abd0-4654-bcca-c828ac85be06-768x576.jpg 768w, https:\/\/laiadiez.com\/wp-content\/uploads\/2019\/10\/3c036f64-abd0-4654-bcca-c828ac85be06-1024x768.jpg 1024w, https:\/\/laiadiez.com\/wp-content\/uploads\/2019\/10\/3c036f64-abd0-4654-bcca-c828ac85be06.jpg 1200w\" sizes=\"(max-width: 300px) 100vw, 300px\" \/><\/div>\n\t\t<\/a>\n\t\t\t\t<div class=\"elementor-post__text\">\n\t\t\t\t<h3 class=\"elementor-post__title\">\n\t\t\t<a href=\"https:\/\/laiadiez.com\/es\/primer-cross-de-la-escuela-de-trail\/\" >\n\t\t\t\tPrimer cross de la Escuela de Trail\t\t\t<\/a>\n\t\t<\/h3>\n\t\t\t\t<\/div>\n\t\t\t\t<\/article>\n\t\t\t\t<article class=\"elementor-post elementor-grid-item post-665 post type-post status-publish format-standard has-post-thumbnail hentry category-escola-de-trail\">\n\t\t\t\t<a class=\"elementor-post__thumbnail__link\" href=\"https:\/\/laiadiez.com\/es\/visita-de-depa-y-marta-bacardit\/\" tabindex=\"-1\" >\n\t\t\t<div class=\"elementor-post__thumbnail\"><img decoding=\"async\" width=\"300\" height=\"146\" src=\"https:\/\/laiadiez.com\/wp-content\/uploads\/2019\/10\/DSC3989-2-300x146.jpg\" class=\"attachment-medium size-medium wp-image-678\" alt=\"\" srcset=\"https:\/\/laiadiez.com\/wp-content\/uploads\/2019\/10\/DSC3989-2-300x146.jpg 300w, https:\/\/laiadiez.com\/wp-content\/uploads\/2019\/10\/DSC3989-2-768x374.jpg 768w, https:\/\/laiadiez.com\/wp-content\/uploads\/2019\/10\/DSC3989-2-1024x498.jpg 1024w, https:\/\/laiadiez.com\/wp-content\/uploads\/2019\/10\/DSC3989-2.jpg 1200w\" sizes=\"(max-width: 300px) 100vw, 300px\" \/><\/div>\n\t\t<\/a>\n\t\t\t\t<div class=\"elementor-post__text\">\n\t\t\t\t<h3 class=\"elementor-post__title\">\n\t\t\t<a href=\"https:\/\/laiadiez.com\/es\/visita-de-depa-y-marta-bacardit\/\" >\n\t\t\t\tVisita de Depa y Marta Bacardit\t\t\t<\/a>\n\t\t<\/h3>\n\t\t\t\t<\/div>\n\t\t\t\t<\/article>\n\t\t\t\t<article class=\"elementor-post elementor-grid-item post-493 post type-post status-publish format-standard has-post-thumbnail hentry category-escola-de-trail\">\n\t\t\t\t<a class=\"elementor-post__thumbnail__link\" href=\"https:\/\/laiadiez.com\/es\/exito-del-campus-de-trail-laia-diez-julio19\/\" tabindex=\"-1\" >\n\t\t\t<div class=\"elementor-post__thumbnail\"><img loading=\"lazy\" decoding=\"async\" width=\"300\" height=\"225\" src=\"https:\/\/laiadiez.com\/wp-content\/uploads\/2019\/10\/741c228d-e144-411d-8bc8-d9597652207c-1-300x225.jpg\" class=\"attachment-medium size-medium wp-image-494\" alt=\"\" srcset=\"https:\/\/laiadiez.com\/wp-content\/uploads\/2019\/10\/741c228d-e144-411d-8bc8-d9597652207c-1-300x225.jpg 300w, https:\/\/laiadiez.com\/wp-content\/uploads\/2019\/10\/741c228d-e144-411d-8bc8-d9597652207c-1-768x576.jpg 768w, https:\/\/laiadiez.com\/wp-content\/uploads\/2019\/10\/741c228d-e144-411d-8bc8-d9597652207c-1.jpg 1024w\" sizes=\"(max-width: 300px) 100vw, 300px\" \/><\/div>\n\t\t<\/a>\n\t\t\t\t<div class=\"elementor-post__text\">\n\t\t\t\t<h3 class=\"elementor-post__title\">\n\t\t\t<a href=\"https:\/\/laiadiez.com\/es\/exito-del-campus-de-trail-laia-diez-julio19\/\" >\n\t\t\t\t\u00c9xito del Campus de Trail Laia Diez Julio\u201919\t\t\t<\/a>\n\t\t<\/h3>\n\t\t\t\t<\/div>\n\t\t\t\t<\/article>\n\t\t\t\t<\/div>\n\t\t\n\t\t\t\t<\/div>\n\t\t\t\t<\/div>\n\t\t\t\t\t<\/div>\n\t\t<\/div>\n\t\t\t\t\t<\/div>\n\t\t<\/section>\n\t\t\t\t<\/div>","protected":false},"excerpt":{"rendered":"<p>UN CAMPE\u00d3N SE HACE CON UN 1% DE TALENTO Y UN 99% DE ESFRO\u00c7 Hace m\u00e1s de 5 a\u00f1os decidimos con mi pareja, Elisa,<\/p>","protected":false},"author":1,"featured_media":0,"parent":0,"menu_order":0,"comment_status":"closed","ping_status":"closed","template":"","meta":{"_acf_changed":false,"footnotes":""},"acf":[],"yoast_head":"<!-- This site is optimized with the Yoast SEO plugin v23.4 - https:\/\/yoast.com\/wordpress\/plugins\/seo\/ -->\n<title>Escola de Trail &#8212; Laia Diez<\/title>\n<meta name=\"robots\" content=\"index, follow, max-snippet:-1, max-image-preview:large, max-video-preview:-1\" \/>\n<link rel=\"canonical\" href=\"https:\/\/laiadiez.com\/es\/escuela-de-trail\/\" \/>\n<meta property=\"og:locale\" content=\"es_ES\" \/>\n<meta property=\"og:type\" content=\"article\" \/>\n<meta property=\"og:title\" content=\"Escola de Trail &#8212; Laia Diez\" \/>\n<meta property=\"og:description\" content=\"UN CAMPI\u00d3 ES FA AMB UN 1% DE TALENT I UN 99% D\u2019ESFRO\u00c7 Fa m\u00e9s de 5 anys vam decidir amb la meva parella, l\u2019Elisa,\" \/>\n<meta property=\"og:url\" content=\"https:\/\/laiadiez.com\/es\/escuela-de-trail\/\" \/>\n<meta property=\"og:site_name\" content=\"Laia Diez\" \/>\n<meta property=\"article:modified_time\" content=\"2021-11-22T20:07:43+00:00\" \/>\n<meta property=\"og:image\" content=\"https:\/\/laiadiez.com\/wp-content\/uploads\/2019\/10\/DSC4538.jpg\" \/>\n<meta name=\"twitter:card\" content=\"summary_large_image\" \/>\n<meta name=\"twitter:label1\" content=\"Tiempo de lectura\" \/>\n\t<meta name=\"twitter:data1\" content=\"2 minutos\" \/>\n<script type=\"application\/ld+json\" class=\"yoast-schema-graph\">{\"@context\":\"https:\/\/schema.org\",\"@graph\":[{\"@type\":\"WebPage\",\"@id\":\"https:\/\/laiadiez.com\/escola-de-trail\/\",\"url\":\"https:\/\/laiadiez.com\/escola-de-trail\/\",\"name\":\"Escola de Trail &#8212; Laia Diez\",\"isPartOf\":{\"@id\":\"https:\/\/laiadiez.com\/#website\"},\"primaryImageOfPage\":{\"@id\":\"https:\/\/laiadiez.com\/escola-de-trail\/#primaryimage\"},\"image\":{\"@id\":\"https:\/\/laiadiez.com\/escola-de-trail\/#primaryimage\"},\"thumbnailUrl\":\"https:\/\/laiadiez.com\/wp-content\/uploads\/2019\/10\/DSC4538.jpg\",\"datePublished\":\"2019-07-23T14:58:44+00:00\",\"dateModified\":\"2021-11-22T20:07:43+00:00\",\"breadcrumb\":{\"@id\":\"https:\/\/laiadiez.com\/escola-de-trail\/#breadcrumb\"},\"inLanguage\":\"es\",\"potentialAction\":[{\"@type\":\"ReadAction\",\"target\":[\"https:\/\/laiadiez.com\/escola-de-trail\/\"]}]},{\"@type\":\"ImageObject\",\"inLanguage\":\"es\",\"@id\":\"https:\/\/laiadiez.com\/escola-de-trail\/#primaryimage\",\"url\":\"https:\/\/laiadiez.com\/wp-content\/uploads\/2019\/10\/DSC4538.jpg\",\"contentUrl\":\"https:\/\/laiadiez.com\/wp-content\/uploads\/2019\/10\/DSC4538.jpg\"},{\"@type\":\"BreadcrumbList\",\"@id\":\"https:\/\/laiadiez.com\/escola-de-trail\/#breadcrumb\",\"itemListElement\":[{\"@type\":\"ListItem\",\"position\":1,\"name\":\"Inici\",\"item\":\"https:\/\/laiadiez.com\/\"},{\"@type\":\"ListItem\",\"position\":2,\"name\":\"Escola de Trail\"}]},{\"@type\":\"WebSite\",\"@id\":\"https:\/\/laiadiez.com\/#website\",\"url\":\"https:\/\/laiadiez.com\/\",\"name\":\"Laia Diez\",\"description\":\"\",\"publisher\":{\"@id\":\"https:\/\/laiadiez.com\/#organization\"},\"potentialAction\":[{\"@type\":\"SearchAction\",\"target\":{\"@type\":\"EntryPoint\",\"urlTemplate\":\"https:\/\/laiadiez.com\/?s={search_term_string}\"},\"query-input\":{\"@type\":\"PropertyValueSpecification\",\"valueRequired\":true,\"valueName\":\"search_term_string\"}}],\"inLanguage\":\"es\"},{\"@type\":\"Organization\",\"@id\":\"https:\/\/laiadiez.com\/#organization\",\"name\":\"Laia Diez\",\"url\":\"https:\/\/laiadiez.com\/\",\"logo\":{\"@type\":\"ImageObject\",\"inLanguage\":\"es\",\"@id\":\"https:\/\/laiadiez.com\/#\/schema\/logo\/image\/\",\"url\":\"https:\/\/laiadiez.com\/wp-content\/uploads\/2019\/10\/LaiaDiez.png\",\"contentUrl\":\"https:\/\/laiadiez.com\/wp-content\/uploads\/2019\/10\/LaiaDiez.png\",\"width\":970,\"height\":500,\"caption\":\"Laia Diez\"},\"image\":{\"@id\":\"https:\/\/laiadiez.com\/#\/schema\/logo\/image\/\"}}]}<\/script>\n<!-- \/ Yoast SEO plugin. -->","yoast_head_json":{"title":"Escola de Trail &#8212; Laia Diez","robots":{"index":"index","follow":"follow","max-snippet":"max-snippet:-1","max-image-preview":"max-image-preview:large","max-video-preview":"max-video-preview:-1"},"canonical":"https:\/\/laiadiez.com\/es\/escuela-de-trail\/","og_locale":"es_ES","og_type":"article","og_title":"Escola de Trail &#8212; Laia Diez","og_description":"UN CAMPI\u00d3 ES FA AMB UN 1% DE TALENT I UN 99% D\u2019ESFRO\u00c7 Fa m\u00e9s de 5 anys vam decidir amb la meva parella, l\u2019Elisa,","og_url":"https:\/\/laiadiez.com\/es\/escuela-de-trail\/","og_site_name":"Laia Diez","article_modified_time":"2021-11-22T20:07:43+00:00","og_image":[{"url":"https:\/\/laiadiez.com\/wp-content\/uploads\/2019\/10\/DSC4538.jpg"}],"twitter_card":"summary_large_image","twitter_misc":{"Tiempo de lectura":"2 minutos"},"schema":{"@context":"https:\/\/schema.org","@graph":[{"@type":"WebPage","@id":"https:\/\/laiadiez.com\/escola-de-trail\/","url":"https:\/\/laiadiez.com\/escola-de-trail\/","name":"Escola de Trail &#8212; Laia Diez","isPartOf":{"@id":"https:\/\/laiadiez.com\/#website"},"primaryImageOfPage":{"@id":"https:\/\/laiadiez.com\/escola-de-trail\/#primaryimage"},"image":{"@id":"https:\/\/laiadiez.com\/escola-de-trail\/#primaryimage"},"thumbnailUrl":"https:\/\/laiadiez.com\/wp-content\/uploads\/2019\/10\/DSC4538.jpg","datePublished":"2019-07-23T14:58:44+00:00","dateModified":"2021-11-22T20:07:43+00:00","breadcrumb":{"@id":"https:\/\/laiadiez.com\/escola-de-trail\/#breadcrumb"},"inLanguage":"es","potentialAction":[{"@type":"ReadAction","target":["https:\/\/laiadiez.com\/escola-de-trail\/"]}]},{"@type":"ImageObject","inLanguage":"es","@id":"https:\/\/laiadiez.com\/escola-de-trail\/#primaryimage","url":"https:\/\/laiadiez.com\/wp-content\/uploads\/2019\/10\/DSC4538.jpg","contentUrl":"https:\/\/laiadiez.com\/wp-content\/uploads\/2019\/10\/DSC4538.jpg"},{"@type":"BreadcrumbList","@id":"https:\/\/laiadiez.com\/escola-de-trail\/#breadcrumb","itemListElement":[{"@type":"ListItem","position":1,"name":"Inici","item":"https:\/\/laiadiez.com\/"},{"@type":"ListItem","position":2,"name":"Escola de Trail"}]},{"@type":"WebSite","@id":"https:\/\/laiadiez.com\/#website","url":"https:\/\/laiadiez.com\/","name":"Laia Diez","description":"","publisher":{"@id":"https:\/\/laiadiez.com\/#organization"},"potentialAction":[{"@type":"SearchAction","target":{"@type":"EntryPoint","urlTemplate":"https:\/\/laiadiez.com\/?s={search_term_string}"},"query-input":{"@type":"PropertyValueSpecification","valueRequired":true,"valueName":"search_term_string"}}],"inLanguage":"es"},{"@type":"Organization","@id":"https:\/\/laiadiez.com\/#organization","name":"Laia Diez","url":"https:\/\/laiadiez.com\/","logo":{"@type":"ImageObject","inLanguage":"es","@id":"https:\/\/laiadiez.com\/#\/schema\/logo\/image\/","url":"https:\/\/laiadiez.com\/wp-content\/uploads\/2019\/10\/LaiaDiez.png","contentUrl":"https:\/\/laiadiez.com\/wp-content\/uploads\/2019\/10\/LaiaDiez.png","width":970,"height":500,"caption":"Laia Diez"},"image":{"@id":"https:\/\/laiadiez.com\/#\/schema\/logo\/image\/"}}]}},"_links":{"self":[{"href":"https:\/\/laiadiez.com\/es\/wp-json\/wp\/v2\/pages\/40"}],"collection":[{"href":"https:\/\/laiadiez.com\/es\/wp-json\/wp\/v2\/pages"}],"about":[{"href":"https:\/\/laiadiez.com\/es\/wp-json\/wp\/v2\/types\/page"}],"author":[{"embeddable":true,"href":"https:\/\/laiadiez.com\/es\/wp-json\/wp\/v2\/users\/1"}],"replies":[{"embeddable":true,"href":"https:\/\/laiadiez.com\/es\/wp-json\/wp\/v2\/comments?post=40"}],"version-history":[{"count":0,"href":"https:\/\/laiadiez.com\/es\/wp-json\/wp\/v2\/pages\/40\/revisions"}],"wp:attachment":[{"href":"https:\/\/laiadiez.com\/es\/wp-json\/wp\/v2\/media?parent=40"}],"curies":[{"name":"wp","href":"https:\/\/api.w.org\/{rel}","templated":true}]}}