{"id":661,"date":"2019-10-15T15:46:07","date_gmt":"2019-10-15T15:46:07","guid":{"rendered":"https:\/\/laiadiez.com\/?page_id=661"},"modified":"2022-01-10T17:31:22","modified_gmt":"2022-01-10T17:31:22","slug":"sobre-l-escola","status":"publish","type":"page","link":"https:\/\/laiadiez.com\/es\/escuela-de-trail\/sobre-la-escuela\/","title":{"rendered":"Sobre la escuela"},"content":{"rendered":"<div data-elementor-type=\"wp-post\" data-elementor-id=\"661\" class=\"elementor elementor-661\" data-elementor-post-type=\"page\">\n\t\t\t\t\t\t<section class=\"elementor-section elementor-top-section elementor-element elementor-element-0afab36 elementor-section-height-min-height elementor-section-boxed elementor-section-height-default elementor-section-items-middle\" data-id=\"0afab36\" data-element_type=\"section\" data-settings=\"{&quot;background_background&quot;:&quot;classic&quot;,&quot;shape_divider_bottom&quot;:&quot;tilt&quot;}\">\n\t\t\t\t\t<div class=\"elementor-shape elementor-shape-bottom\" data-negative=\"false\">\n\t\t\t<svg xmlns=\"http:\/\/www.w3.org\/2000\/svg\" viewbox=\"0 0 1000 100\" preserveaspectratio=\"none\">\n\t<path class=\"elementor-shape-fill\" d=\"M0,6V0h1000v100L0,6z\"\/>\n<\/svg>\t\t<\/div>\n\t\t\t\t\t<div class=\"elementor-container elementor-column-gap-default\">\n\t\t\t\t\t<div class=\"elementor-column elementor-col-100 elementor-top-column elementor-element elementor-element-f93e014\" data-id=\"f93e014\" data-element_type=\"column\">\n\t\t\t<div class=\"elementor-widget-wrap elementor-element-populated\">\n\t\t\t\t\t\t<section class=\"elementor-section elementor-inner-section elementor-element elementor-element-2023878 elementor-section-boxed elementor-section-height-default elementor-section-height-default\" data-id=\"2023878\" data-element_type=\"section\">\n\t\t\t\t\t\t<div class=\"elementor-container elementor-column-gap-default\">\n\t\t\t\t\t<div class=\"elementor-column elementor-col-100 elementor-inner-column elementor-element elementor-element-f30816e\" data-id=\"f30816e\" data-element_type=\"column\">\n\t\t\t<div class=\"elementor-widget-wrap elementor-element-populated\">\n\t\t\t\t\t\t<div class=\"elementor-element elementor-element-98b1316 text-vermell elementor-widget elementor-widget-heading\" data-id=\"98b1316\" data-element_type=\"widget\" data-widget_type=\"heading.default\">\n\t\t\t\t<div class=\"elementor-widget-container\">\n\t\t\t<h1 class=\"elementor-heading-title elementor-size-default\">SOBRE LA ESCUELA<\/h1>\t\t<\/div>\n\t\t\t\t<\/div>\n\t\t\t\t\t<\/div>\n\t\t<\/div>\n\t\t\t\t\t<\/div>\n\t\t<\/section>\n\t\t\t\t\t<\/div>\n\t\t<\/div>\n\t\t\t\t\t<\/div>\n\t\t<\/section>\n\t\t\t\t<section class=\"elementor-section elementor-top-section elementor-element elementor-element-d978caa elementor-section-boxed elementor-section-height-default elementor-section-height-default\" data-id=\"d978caa\" data-element_type=\"section\">\n\t\t\t\t\t\t<div class=\"elementor-container elementor-column-gap-default\">\n\t\t\t\t\t<div class=\"elementor-column elementor-col-50 elementor-top-column elementor-element elementor-element-6968f06\" data-id=\"6968f06\" data-element_type=\"column\">\n\t\t\t<div class=\"elementor-widget-wrap elementor-element-populated\">\n\t\t\t\t\t\t<div class=\"elementor-element elementor-element-0d127a2 elementor-widget elementor-widget-text-editor\" data-id=\"0d127a2\" data-element_type=\"widget\" data-widget_type=\"text-editor.default\">\n\t\t\t\t<div class=\"elementor-widget-container\">\n\t\t\t\t\t\t\t<p>Hace m\u00e1s de 5 a\u00f1os decidimos con mi pareja, Elisa, empezar un proyecto que nos hac\u00eda much\u00edsima ilusi\u00f3n: crear una escuela de trail en nuestro municipio, Castellnou de Bages.<\/p>\n<p>As\u00ed pues, en septiembre de 2016 empezamos con la Escuela de Trail Laia Diez.<\/p>\n<p>Tenemos desde ni\u00f1os de 5 a\u00f1os hasta j\u00f3venes de 17, y despu\u00e9s ya hablamos de escuela de trail de adultos. Dividimos los grupos por niveles, no por edades, y trabajamos en funci\u00f3n de la necesidad del ni\u00f1o.&nbsp;<span style=\"color: var( --e-global-color-text ); font-family: var( --e-global-typography-text-font-family ), Sans-serif; font-weight: var( --e-global-typography-text-font-weight );\">Los d\u00edas de entrenamiento son lunes y jueves de 18-19:15h y seguidamente entrenamos con los adultos de 19:30-21h.<\/span><\/p>\n<p>La escuela es b\u00e1sicamente para fomentar diferentes valores de la vida, y la competici\u00f3n la trabajamos en aquellos que nos lo piden.<\/p>\t\t\t\t\t\t<\/div>\n\t\t\t\t<\/div>\n\t\t\t\t\t<\/div>\n\t\t<\/div>\n\t\t\t\t<div class=\"elementor-column elementor-col-50 elementor-top-column elementor-element elementor-element-e828480\" data-id=\"e828480\" data-element_type=\"column\">\n\t\t\t<div class=\"elementor-widget-wrap elementor-element-populated\">\n\t\t\t\t\t\t<div class=\"elementor-element elementor-element-19690a8 elementor-widget elementor-widget-text-editor\" data-id=\"19690a8\" data-element_type=\"widget\" data-widget_type=\"text-editor.default\">\n\t\t\t\t<div class=\"elementor-widget-container\">\n\t\t\t\t\t\t\t<p>Nuestra filosof\u00eda consiste en 5 pilares:<\/p><ul><li>Conocer, respetar y amar la monta\u00f1a<\/li><li>Respeto y trabajo de equipo con los compa\u00f1eros<\/li><li>Preparaci\u00f3n f\u00edsica, mental y t\u00e9cnica de carrera<\/li><li>Orientaci\u00f3n y autosuficiencia en el medio natural<\/li><li>Buenos h\u00e1bitos (alimentaci\u00f3n, hidrataci\u00f3n y salud)<\/li><\/ul>\t\t\t\t\t\t<\/div>\n\t\t\t\t<\/div>\n\t\t\t\t\t<\/div>\n\t\t<\/div>\n\t\t\t\t\t<\/div>\n\t\t<\/section>\n\t\t\t\t<section class=\"elementor-section elementor-top-section elementor-element elementor-element-4c8458e elementor-section-boxed elementor-section-height-default elementor-section-height-default\" data-id=\"4c8458e\" data-element_type=\"section\">\n\t\t\t\t\t\t<div class=\"elementor-container elementor-column-gap-default\">\n\t\t\t\t\t<div class=\"elementor-column elementor-col-100 elementor-top-column elementor-element elementor-element-0ef05bb\" data-id=\"0ef05bb\" data-element_type=\"column\">\n\t\t\t<div class=\"elementor-widget-wrap elementor-element-populated\">\n\t\t\t\t\t\t<div class=\"elementor-element elementor-element-3517d61 uael-ins-normal elementor-widget elementor-widget-uael-image-gallery\" data-id=\"3517d61\" data-element_type=\"widget\" data-settings=\"{&quot;justified_margin&quot;:{&quot;unit&quot;:&quot;px&quot;,&quot;size&quot;:3,&quot;sizes&quot;:[]},&quot;justified_margin_tablet&quot;:{&quot;unit&quot;:&quot;px&quot;,&quot;size&quot;:&quot;&quot;,&quot;sizes&quot;:[]},&quot;justified_margin_mobile&quot;:{&quot;unit&quot;:&quot;px&quot;,&quot;size&quot;:&quot;&quot;,&quot;sizes&quot;:[]}}\" data-widget_type=\"uael-image-gallery.default\">\n\t\t\t\t<div class=\"elementor-widget-container\">\n\t\t\t<div class=\"uael-gallery-parent uael-caption-\"><div class=\"uael-img-gallery-wrap uael-img-justified-wrap uael-img-grid-masonry-wrap uael-image-lightbox-wrap\" data-filter-default=\"All\" data-rowheight=\"171\" data-lastrow=\"nojustify\" data-lightbox_actions=\"[&quot;close&quot;]\" data-lightbox-gallery-loop=\"\"><div class=\"uael-grid-item\"><div class=\"uael-grid-item-content\"><a class=\"uael-grid-img uael-grid-gallery-img uael-ins-hover elementor-clickable\" data-fancybox=\"uael-gallery\" href=\"https:\/\/laiadiez.com\/wp-content\/uploads\/2019\/10\/IMG_2219.jpg\" data-elementor-open-lightbox=\"no\"><div class=\"uael-grid-img-thumbnail uael-ins-target\"><img fetchpriority=\"high\" decoding=\"async\" width=\"300\" height=\"225\" src=\"https:\/\/laiadiez.com\/wp-content\/uploads\/2019\/10\/IMG_2219-300x225.jpg\" class=\"attachment-medium size-medium wp-image-399\" alt=\"\" srcset=\"https:\/\/laiadiez.com\/wp-content\/uploads\/2019\/10\/IMG_2219-300x225.jpg 300w, https:\/\/laiadiez.com\/wp-content\/uploads\/2019\/10\/IMG_2219-768x576.jpg 768w, https:\/\/laiadiez.com\/wp-content\/uploads\/2019\/10\/IMG_2219-1024x768.jpg 1024w, https:\/\/laiadiez.com\/wp-content\/uploads\/2019\/10\/IMG_2219.jpg 1200w\" sizes=\"(max-width: 300px) 100vw, 300px\" \/><\/div><div class=\"uael-grid-img-overlay\"><\/div><\/a><\/div><\/div><div class=\"uael-grid-item\"><div class=\"uael-grid-item-content\"><a class=\"uael-grid-img uael-grid-gallery-img uael-ins-hover elementor-clickable\" data-fancybox=\"uael-gallery\" href=\"https:\/\/laiadiez.com\/wp-content\/uploads\/2019\/10\/741c228d-e144-411d-8bc8-d9597652207c.jpg\" data-elementor-open-lightbox=\"no\"><div class=\"uael-grid-img-thumbnail uael-ins-target\"><img decoding=\"async\" width=\"300\" height=\"225\" src=\"https:\/\/laiadiez.com\/wp-content\/uploads\/2019\/10\/741c228d-e144-411d-8bc8-d9597652207c-300x225.jpg\" class=\"attachment-medium size-medium wp-image-398\" alt=\"\" srcset=\"https:\/\/laiadiez.com\/wp-content\/uploads\/2019\/10\/741c228d-e144-411d-8bc8-d9597652207c-300x225.jpg 300w, https:\/\/laiadiez.com\/wp-content\/uploads\/2019\/10\/741c228d-e144-411d-8bc8-d9597652207c-768x576.jpg 768w, https:\/\/laiadiez.com\/wp-content\/uploads\/2019\/10\/741c228d-e144-411d-8bc8-d9597652207c.jpg 1024w\" sizes=\"(max-width: 300px) 100vw, 300px\" \/><\/div><div class=\"uael-grid-img-overlay\"><\/div><\/a><\/div><\/div><div class=\"uael-grid-item\"><div class=\"uael-grid-item-content\"><a class=\"uael-grid-img uael-grid-gallery-img uael-ins-hover elementor-clickable\" data-fancybox=\"uael-gallery\" href=\"https:\/\/laiadiez.com\/wp-content\/uploads\/2019\/10\/IMG_2907.jpg\" data-elementor-open-lightbox=\"no\"><div class=\"uael-grid-img-thumbnail uael-ins-target\"><img decoding=\"async\" width=\"300\" height=\"281\" src=\"https:\/\/laiadiez.com\/wp-content\/uploads\/2019\/10\/IMG_2907-300x281.jpg\" class=\"attachment-medium size-medium wp-image-397\" alt=\"\" srcset=\"https:\/\/laiadiez.com\/wp-content\/uploads\/2019\/10\/IMG_2907-300x281.jpg 300w, https:\/\/laiadiez.com\/wp-content\/uploads\/2019\/10\/IMG_2907-768x719.jpg 768w, https:\/\/laiadiez.com\/wp-content\/uploads\/2019\/10\/IMG_2907-1024x958.jpg 1024w, https:\/\/laiadiez.com\/wp-content\/uploads\/2019\/10\/IMG_2907.jpg 1200w\" sizes=\"(max-width: 300px) 100vw, 300px\" \/><\/div><div class=\"uael-grid-img-overlay\"><\/div><\/a><\/div><\/div><div class=\"uael-grid-item\"><div class=\"uael-grid-item-content\"><a class=\"uael-grid-img uael-grid-gallery-img uael-ins-hover elementor-clickable\" data-fancybox=\"uael-gallery\" href=\"https:\/\/laiadiez.com\/wp-content\/uploads\/2019\/09\/c733d750-2089-484b-b3a1-7898f2198204.jpg\" data-elementor-open-lightbox=\"no\"><div class=\"uael-grid-img-thumbnail uael-ins-target\"><img loading=\"lazy\" decoding=\"async\" width=\"300\" height=\"200\" src=\"https:\/\/laiadiez.com\/wp-content\/uploads\/2019\/09\/c733d750-2089-484b-b3a1-7898f2198204-300x200.jpg\" class=\"attachment-medium size-medium wp-image-267\" alt=\"\" srcset=\"https:\/\/laiadiez.com\/wp-content\/uploads\/2019\/09\/c733d750-2089-484b-b3a1-7898f2198204-300x200.jpg 300w, https:\/\/laiadiez.com\/wp-content\/uploads\/2019\/09\/c733d750-2089-484b-b3a1-7898f2198204-768x512.jpg 768w, https:\/\/laiadiez.com\/wp-content\/uploads\/2019\/09\/c733d750-2089-484b-b3a1-7898f2198204-1024x682.jpg 1024w, https:\/\/laiadiez.com\/wp-content\/uploads\/2019\/09\/c733d750-2089-484b-b3a1-7898f2198204.jpg 1200w\" sizes=\"(max-width: 300px) 100vw, 300px\" \/><\/div><div class=\"uael-grid-img-overlay\"><\/div><\/a><\/div><\/div><\/div><\/div>\t\t<\/div>\n\t\t\t\t<\/div>\n\t\t\t\t\t<\/div>\n\t\t<\/div>\n\t\t\t\t\t<\/div>\n\t\t<\/section>\n\t\t\t\t<\/div>","protected":false},"excerpt":{"rendered":"<p>SOBRE LA ESCUELA Hace m\u00e1s de 5 a\u00f1os decidimos con mi pareja, Elisa, empezar un proyecto que nos hac\u00eda much\u00edsima ilusi\u00f3n: crear una escuela de trail en nuestro municipio, Castellnou de Bages. As\u00ed pues, en septiembre de 2016 empezamos con la Escuela de Trail Laia Diez. Tenemos desde ni\u00f1os de 5 a\u00f1os hasta [\u2026]<\/p>","protected":false},"author":1,"featured_media":0,"parent":40,"menu_order":0,"comment_status":"closed","ping_status":"closed","template":"","meta":{"_acf_changed":false,"footnotes":""},"acf":[],"yoast_head":"<!-- This site is optimized with the Yoast SEO plugin v23.4 - https:\/\/yoast.com\/wordpress\/plugins\/seo\/ -->\n<title>Sobre l&#039;escola &#8212; Laia Diez<\/title>\n<meta name=\"robots\" content=\"index, follow, max-snippet:-1, max-image-preview:large, max-video-preview:-1\" \/>\n<link rel=\"canonical\" href=\"https:\/\/laiadiez.com\/es\/escuela-de-trail\/sobre-la-escuela\/\" \/>\n<meta property=\"og:locale\" content=\"es_ES\" \/>\n<meta property=\"og:type\" content=\"article\" \/>\n<meta property=\"og:title\" content=\"Sobre l&#039;escola &#8212; Laia Diez\" \/>\n<meta property=\"og:description\" content=\"SOBRE L&#8217;ESCOLA Fa m\u00e9s de 5 anys vam decidir amb la meva parella, l\u2019Elisa, comen\u00e7ar un projecte que ens feia molt\u00edssima il\u00b7lusi\u00f3: crear una escola de trail al nostre municipi, Castellnou de Bages. Aix\u00ed doncs, el setembre del 2016 vam comen\u00e7ar amb l\u2019Escola de Trail Laia Diez. Tenim des de nens de 5 anys fins [&hellip;]\" \/>\n<meta property=\"og:url\" content=\"https:\/\/laiadiez.com\/es\/escuela-de-trail\/sobre-la-escuela\/\" \/>\n<meta property=\"og:site_name\" content=\"Laia Diez\" \/>\n<meta property=\"article:modified_time\" content=\"2022-01-10T17:31:22+00:00\" \/>\n<meta property=\"og:image\" content=\"https:\/\/laiadiez.com\/wp-content\/uploads\/2019\/10\/IMG_2219-300x225.jpg\" \/>\n<meta name=\"twitter:card\" content=\"summary_large_image\" \/>\n<meta name=\"twitter:label1\" content=\"Tiempo de lectura\" \/>\n\t<meta name=\"twitter:data1\" content=\"3 minutos\" \/>\n<script type=\"application\/ld+json\" class=\"yoast-schema-graph\">{\"@context\":\"https:\/\/schema.org\",\"@graph\":[{\"@type\":\"WebPage\",\"@id\":\"https:\/\/laiadiez.com\/escola-de-trail\/sobre-l-escola\/\",\"url\":\"https:\/\/laiadiez.com\/escola-de-trail\/sobre-l-escola\/\",\"name\":\"Sobre l'escola &#8212; Laia Diez\",\"isPartOf\":{\"@id\":\"https:\/\/laiadiez.com\/#website\"},\"primaryImageOfPage\":{\"@id\":\"https:\/\/laiadiez.com\/escola-de-trail\/sobre-l-escola\/#primaryimage\"},\"image\":{\"@id\":\"https:\/\/laiadiez.com\/escola-de-trail\/sobre-l-escola\/#primaryimage\"},\"thumbnailUrl\":\"https:\/\/laiadiez.com\/wp-content\/uploads\/2019\/10\/IMG_2219-300x225.jpg\",\"datePublished\":\"2019-10-15T15:46:07+00:00\",\"dateModified\":\"2022-01-10T17:31:22+00:00\",\"breadcrumb\":{\"@id\":\"https:\/\/laiadiez.com\/escola-de-trail\/sobre-l-escola\/#breadcrumb\"},\"inLanguage\":\"es\",\"potentialAction\":[{\"@type\":\"ReadAction\",\"target\":[\"https:\/\/laiadiez.com\/escola-de-trail\/sobre-l-escola\/\"]}]},{\"@type\":\"ImageObject\",\"inLanguage\":\"es\",\"@id\":\"https:\/\/laiadiez.com\/escola-de-trail\/sobre-l-escola\/#primaryimage\",\"url\":\"https:\/\/laiadiez.com\/wp-content\/uploads\/2019\/10\/IMG_2219-300x225.jpg\",\"contentUrl\":\"https:\/\/laiadiez.com\/wp-content\/uploads\/2019\/10\/IMG_2219-300x225.jpg\"},{\"@type\":\"BreadcrumbList\",\"@id\":\"https:\/\/laiadiez.com\/escola-de-trail\/sobre-l-escola\/#breadcrumb\",\"itemListElement\":[{\"@type\":\"ListItem\",\"position\":1,\"name\":\"Inici\",\"item\":\"https:\/\/laiadiez.com\/\"},{\"@type\":\"ListItem\",\"position\":2,\"name\":\"Escola de Trail\",\"item\":\"https:\/\/laiadiez.com\/escola-de-trail\/\"},{\"@type\":\"ListItem\",\"position\":3,\"name\":\"Sobre l&#8217;escola\"}]},{\"@type\":\"WebSite\",\"@id\":\"https:\/\/laiadiez.com\/#website\",\"url\":\"https:\/\/laiadiez.com\/\",\"name\":\"Laia Diez\",\"description\":\"\",\"publisher\":{\"@id\":\"https:\/\/laiadiez.com\/#organization\"},\"potentialAction\":[{\"@type\":\"SearchAction\",\"target\":{\"@type\":\"EntryPoint\",\"urlTemplate\":\"https:\/\/laiadiez.com\/?s={search_term_string}\"},\"query-input\":{\"@type\":\"PropertyValueSpecification\",\"valueRequired\":true,\"valueName\":\"search_term_string\"}}],\"inLanguage\":\"es\"},{\"@type\":\"Organization\",\"@id\":\"https:\/\/laiadiez.com\/#organization\",\"name\":\"Laia Diez\",\"url\":\"https:\/\/laiadiez.com\/\",\"logo\":{\"@type\":\"ImageObject\",\"inLanguage\":\"es\",\"@id\":\"https:\/\/laiadiez.com\/#\/schema\/logo\/image\/\",\"url\":\"https:\/\/laiadiez.com\/wp-content\/uploads\/2019\/10\/LaiaDiez.png\",\"contentUrl\":\"https:\/\/laiadiez.com\/wp-content\/uploads\/2019\/10\/LaiaDiez.png\",\"width\":970,\"height\":500,\"caption\":\"Laia Diez\"},\"image\":{\"@id\":\"https:\/\/laiadiez.com\/#\/schema\/logo\/image\/\"}}]}<\/script>\n<!-- \/ Yoast SEO plugin. -->","yoast_head_json":{"title":"Sobre l'escola &#8212; Laia Diez","robots":{"index":"index","follow":"follow","max-snippet":"max-snippet:-1","max-image-preview":"max-image-preview:large","max-video-preview":"max-video-preview:-1"},"canonical":"https:\/\/laiadiez.com\/es\/escuela-de-trail\/sobre-la-escuela\/","og_locale":"es_ES","og_type":"article","og_title":"Sobre l'escola &#8212; Laia Diez","og_description":"SOBRE L&#8217;ESCOLA Fa m\u00e9s de 5 anys vam decidir amb la meva parella, l\u2019Elisa, comen\u00e7ar un projecte que ens feia molt\u00edssima il\u00b7lusi\u00f3: crear una escola de trail al nostre municipi, Castellnou de Bages. Aix\u00ed doncs, el setembre del 2016 vam comen\u00e7ar amb l\u2019Escola de Trail Laia Diez. Tenim des de nens de 5 anys fins [&hellip;]","og_url":"https:\/\/laiadiez.com\/es\/escuela-de-trail\/sobre-la-escuela\/","og_site_name":"Laia Diez","article_modified_time":"2022-01-10T17:31:22+00:00","og_image":[{"url":"https:\/\/laiadiez.com\/wp-content\/uploads\/2019\/10\/IMG_2219-300x225.jpg"}],"twitter_card":"summary_large_image","twitter_misc":{"Tiempo de lectura":"3 minutos"},"schema":{"@context":"https:\/\/schema.org","@graph":[{"@type":"WebPage","@id":"https:\/\/laiadiez.com\/escola-de-trail\/sobre-l-escola\/","url":"https:\/\/laiadiez.com\/escola-de-trail\/sobre-l-escola\/","name":"Sobre l'escola &#8212; Laia Diez","isPartOf":{"@id":"https:\/\/laiadiez.com\/#website"},"primaryImageOfPage":{"@id":"https:\/\/laiadiez.com\/escola-de-trail\/sobre-l-escola\/#primaryimage"},"image":{"@id":"https:\/\/laiadiez.com\/escola-de-trail\/sobre-l-escola\/#primaryimage"},"thumbnailUrl":"https:\/\/laiadiez.com\/wp-content\/uploads\/2019\/10\/IMG_2219-300x225.jpg","datePublished":"2019-10-15T15:46:07+00:00","dateModified":"2022-01-10T17:31:22+00:00","breadcrumb":{"@id":"https:\/\/laiadiez.com\/escola-de-trail\/sobre-l-escola\/#breadcrumb"},"inLanguage":"es","potentialAction":[{"@type":"ReadAction","target":["https:\/\/laiadiez.com\/escola-de-trail\/sobre-l-escola\/"]}]},{"@type":"ImageObject","inLanguage":"es","@id":"https:\/\/laiadiez.com\/escola-de-trail\/sobre-l-escola\/#primaryimage","url":"https:\/\/laiadiez.com\/wp-content\/uploads\/2019\/10\/IMG_2219-300x225.jpg","contentUrl":"https:\/\/laiadiez.com\/wp-content\/uploads\/2019\/10\/IMG_2219-300x225.jpg"},{"@type":"BreadcrumbList","@id":"https:\/\/laiadiez.com\/escola-de-trail\/sobre-l-escola\/#breadcrumb","itemListElement":[{"@type":"ListItem","position":1,"name":"Inici","item":"https:\/\/laiadiez.com\/"},{"@type":"ListItem","position":2,"name":"Escola de Trail","item":"https:\/\/laiadiez.com\/escola-de-trail\/"},{"@type":"ListItem","position":3,"name":"Sobre l&#8217;escola"}]},{"@type":"WebSite","@id":"https:\/\/laiadiez.com\/#website","url":"https:\/\/laiadiez.com\/","name":"Laia Diez","description":"","publisher":{"@id":"https:\/\/laiadiez.com\/#organization"},"potentialAction":[{"@type":"SearchAction","target":{"@type":"EntryPoint","urlTemplate":"https:\/\/laiadiez.com\/?s={search_term_string}"},"query-input":{"@type":"PropertyValueSpecification","valueRequired":true,"valueName":"search_term_string"}}],"inLanguage":"es"},{"@type":"Organization","@id":"https:\/\/laiadiez.com\/#organization","name":"Laia Diez","url":"https:\/\/laiadiez.com\/","logo":{"@type":"ImageObject","inLanguage":"es","@id":"https:\/\/laiadiez.com\/#\/schema\/logo\/image\/","url":"https:\/\/laiadiez.com\/wp-content\/uploads\/2019\/10\/LaiaDiez.png","contentUrl":"https:\/\/laiadiez.com\/wp-content\/uploads\/2019\/10\/LaiaDiez.png","width":970,"height":500,"caption":"Laia Diez"},"image":{"@id":"https:\/\/laiadiez.com\/#\/schema\/logo\/image\/"}}]}},"_links":{"self":[{"href":"https:\/\/laiadiez.com\/es\/wp-json\/wp\/v2\/pages\/661"}],"collection":[{"href":"https:\/\/laiadiez.com\/es\/wp-json\/wp\/v2\/pages"}],"about":[{"href":"https:\/\/laiadiez.com\/es\/wp-json\/wp\/v2\/types\/page"}],"author":[{"embeddable":true,"href":"https:\/\/laiadiez.com\/es\/wp-json\/wp\/v2\/users\/1"}],"replies":[{"embeddable":true,"href":"https:\/\/laiadiez.com\/es\/wp-json\/wp\/v2\/comments?post=661"}],"version-history":[{"count":0,"href":"https:\/\/laiadiez.com\/es\/wp-json\/wp\/v2\/pages\/661\/revisions"}],"up":[{"embeddable":true,"href":"https:\/\/laiadiez.com\/es\/wp-json\/wp\/v2\/pages\/40"}],"wp:attachment":[{"href":"https:\/\/laiadiez.com\/es\/wp-json\/wp\/v2\/media?parent=661"}],"curies":[{"name":"wp","href":"https:\/\/api.w.org\/{rel}","templated":true}]}}